{"id":4155,"date":"2022-08-29T12:17:33","date_gmt":"2022-08-29T17:17:33","guid":{"rendered":"https:\/\/glasfirma.mx\/?page_id=4155"},"modified":"2023-06-16T11:43:02","modified_gmt":"2023-06-16T16:43:02","slug":"ocean","status":"publish","type":"page","link":"https:\/\/glasfirma.mx\/es\/ocean\/","title":{"rendered":"Ocean"},"content":{"rendered":"<div data-elementor-type=\"wp-page\" data-elementor-id=\"4155\" class=\"elementor elementor-4155\">\n\t\t\t\t\t\t<div class=\"elementor-section elementor-top-section elementor-element elementor-element-8f7598b elementor-section-full_width elementor-section-height-min-height elementor-section-height-default elementor-section-items-middle\" data-id=\"8f7598b\" data-element_type=\"section\" data-e-type=\"section\" id=\"elements-spirits-top\" data-settings=\"{&quot;background_background&quot;:&quot;classic&quot;}\">\n\t\t\t\t\t\t<div class=\"elementor-container elementor-column-gap-no\">\n\t\t\t\t\t<div class=\"elementor-column elementor-col-50 elementor-top-column elementor-element elementor-element-64a318b\" data-id=\"64a318b\" data-element_type=\"column\" data-e-type=\"column\">\n\t\t\t<div class=\"elementor-widget-wrap elementor-element-populated\">\n\t\t\t\t\t\t<div class=\"elementor-element elementor-element-44c5595 elementor-invisible elementor-widget elementor-widget-image\" data-id=\"44c5595\" data-element_type=\"widget\" data-e-type=\"widget\" data-settings=\"{&quot;_animation&quot;:&quot;fadeInDown&quot;}\" data-widget_type=\"image.default\">\n\t\t\t\t<div class=\"elementor-widget-container\">\n\t\t\t\t\t\t\t\t\t\t\t\t\t\t\t<img fetchpriority=\"high\" decoding=\"async\" width=\"800\" height=\"800\" src=\"https:\/\/glasfirma.mx\/wp-content\/uploads\/2023\/05\/THE-GUY_OCEAN-1024x1024.png\" class=\"attachment-large size-large wp-image-4633\" alt=\"\" srcset=\"https:\/\/glasfirma.mx\/wp-content\/uploads\/2023\/05\/THE-GUY_OCEAN-1024x1024.png 1024w, https:\/\/glasfirma.mx\/wp-content\/uploads\/2023\/05\/THE-GUY_OCEAN-300x300.png 300w, https:\/\/glasfirma.mx\/wp-content\/uploads\/2023\/05\/THE-GUY_OCEAN-150x150.png 150w, https:\/\/glasfirma.mx\/wp-content\/uploads\/2023\/05\/THE-GUY_OCEAN-768x768.png 768w, https:\/\/glasfirma.mx\/wp-content\/uploads\/2023\/05\/THE-GUY_OCEAN-12x12.png 12w, https:\/\/glasfirma.mx\/wp-content\/uploads\/2023\/05\/THE-GUY_OCEAN.png 1042w\" sizes=\"(max-width: 800px) 100vw, 800px\" \/>\t\t\t\t\t\t\t\t\t\t\t\t\t\t\t<\/div>\n\t\t\t\t<\/div>\n\t\t\t\t\t<\/div>\n\t\t<\/div>\n\t\t\t\t<div class=\"elementor-column elementor-col-50 elementor-top-column elementor-element elementor-element-c8229fd\" data-id=\"c8229fd\" data-element_type=\"column\" data-e-type=\"column\">\n\t\t\t<div class=\"elementor-widget-wrap elementor-element-populated\">\n\t\t\t\t\t\t<div class=\"elementor-element elementor-element-a663c25 elementor-invisible elementor-widget elementor-widget-heading\" data-id=\"a663c25\" data-element_type=\"widget\" data-e-type=\"widget\" data-settings=\"{&quot;_animation&quot;:&quot;fadeInUp&quot;}\" data-widget_type=\"heading.default\">\n\t\t\t\t<div class=\"elementor-widget-container\">\n\t\t\t\t\t<h2 class=\"elementor-heading-title elementor-size-default\">ocean<\/h2>\t\t\t\t<\/div>\n\t\t\t\t<\/div>\n\t\t\t\t\t<\/div>\n\t\t<\/div>\n\t\t\t\t\t<\/div>\n\t\t<\/div>\n\t\t\t\t<div class=\"elementor-section elementor-top-section elementor-element elementor-element-74be259 elementor-section-boxed elementor-section-height-default elementor-section-height-default\" data-id=\"74be259\" data-element_type=\"section\" data-e-type=\"section\" data-settings=\"{&quot;background_background&quot;:&quot;classic&quot;}\">\n\t\t\t\t\t\t<div class=\"elementor-container elementor-column-gap-narrow\">\n\t\t\t\t\t<div class=\"elementor-column elementor-col-50 elementor-top-column elementor-element elementor-element-02693c8\" data-id=\"02693c8\" data-element_type=\"column\" data-e-type=\"column\">\n\t\t\t<div class=\"elementor-widget-wrap elementor-element-populated\">\n\t\t\t\t\t\t<div class=\"elementor-element elementor-element-297b22b elementor-widget__width-auto elementor-widget elementor-widget-html\" data-id=\"297b22b\" data-element_type=\"widget\" data-e-type=\"widget\" data-widget_type=\"html.default\">\n\t\t\t\t<div class=\"elementor-widget-container\">\n\t\t\t\t\t<a href=\"https:\/\/glasfirma.mx\/es\/nordics\/\" class=\"btn-flip prev-btn movil-btn\" data-back=\"\u276e Nordics \" data-front=\"\u276e Prev Collection\"><\/a>\t\t\t\t<\/div>\n\t\t\t\t<\/div>\n\t\t\t\t\t<\/div>\n\t\t<\/div>\n\t\t\t\t<div class=\"elementor-column elementor-col-50 elementor-top-column elementor-element elementor-element-7d3168a\" data-id=\"7d3168a\" data-element_type=\"column\" data-e-type=\"column\">\n\t\t\t<div class=\"elementor-widget-wrap elementor-element-populated\">\n\t\t\t\t\t\t<div class=\"elementor-element elementor-element-0a0b24b elementor-widget__width-auto elementor-widget elementor-widget-html\" data-id=\"0a0b24b\" data-element_type=\"widget\" data-e-type=\"widget\" data-widget_type=\"html.default\">\n\t\t\t\t<div class=\"elementor-widget-container\">\n\t\t\t\t\t<a href=\"https:\/\/glasfirma.mx\/es\/pirates\/\" class=\"btn-flip next-btn  movil-btn\" data-back=\"Pirates \u276f\" data-front=\"Next Collection \u276f\"><\/a>\t\t\t\t<\/div>\n\t\t\t\t<\/div>\n\t\t\t\t\t<\/div>\n\t\t<\/div>\n\t\t\t\t\t<\/div>\n\t\t<\/div>\n\t\t\t\t<div class=\"elementor-section elementor-top-section elementor-element elementor-element-ba951e3 elementor-section-boxed elementor-section-height-default elementor-section-height-default\" data-id=\"ba951e3\" data-element_type=\"section\" data-e-type=\"section\" id=\"elements-spirits-historia\" data-settings=\"{&quot;background_background&quot;:&quot;classic&quot;}\">\n\t\t\t\t\t\t<div class=\"elementor-container elementor-column-gap-default\">\n\t\t\t\t\t<div class=\"elementor-column elementor-col-100 elementor-top-column elementor-element elementor-element-6577446\" data-id=\"6577446\" data-element_type=\"column\" data-e-type=\"column\">\n\t\t\t<div class=\"elementor-widget-wrap elementor-element-populated\">\n\t\t\t\t\t\t<div class=\"elementor-element elementor-element-e7e57dc elementor-invisible elementor-widget elementor-widget-image\" data-id=\"e7e57dc\" data-element_type=\"widget\" data-e-type=\"widget\" data-settings=\"{&quot;_animation&quot;:&quot;fadeIn&quot;}\" data-widget_type=\"image.default\">\n\t\t\t\t<div class=\"elementor-widget-container\">\n\t\t\t\t\t\t\t\t\t\t\t\t\t\t\t<img decoding=\"async\" width=\"800\" height=\"620\" src=\"https:\/\/glasfirma.mx\/wp-content\/uploads\/2023\/05\/MARCA-OCEAN-1024x793.png\" class=\"attachment-large size-large wp-image-4630\" alt=\"\" srcset=\"https:\/\/glasfirma.mx\/wp-content\/uploads\/2023\/05\/MARCA-OCEAN-1024x793.png 1024w, https:\/\/glasfirma.mx\/wp-content\/uploads\/2023\/05\/MARCA-OCEAN-300x232.png 300w, https:\/\/glasfirma.mx\/wp-content\/uploads\/2023\/05\/MARCA-OCEAN-768x595.png 768w, https:\/\/glasfirma.mx\/wp-content\/uploads\/2023\/05\/MARCA-OCEAN-15x12.png 15w, https:\/\/glasfirma.mx\/wp-content\/uploads\/2023\/05\/MARCA-OCEAN.png 1047w\" sizes=\"(max-width: 800px) 100vw, 800px\" \/>\t\t\t\t\t\t\t\t\t\t\t\t\t\t\t<\/div>\n\t\t\t\t<\/div>\n\t\t\t\t<div class=\"elementor-element elementor-element-2123079 elementor-widget elementor-widget-text-editor\" data-id=\"2123079\" data-element_type=\"widget\" data-e-type=\"widget\" data-settings=\"{&quot;_animation_mobile&quot;:&quot;fadeInUp&quot;}\" data-widget_type=\"text-editor.default\">\n\t\t\t\t<div class=\"elementor-widget-container\">\n\t\t\t\t\t\t\t\t\t<span class=\"colored-fp-txt-colecciones\"> El oc\u00e9ano<\/span><span class=\"gray-txt-colecciones\">es el hogar de innumerables especies de animales marinos, de diversas formas y colores. En VACOR nos hemos inspirado en estas hermosas criaturas para nuestra colecci\u00f3n OCEAN, con colores vibrantes, matices y brillo.<\/span>\t\t\t\t\t\t\t\t<\/div>\n\t\t\t\t<\/div>\n\t\t\t\t\t<\/div>\n\t\t<\/div>\n\t\t\t\t\t<\/div>\n\t\t<\/div>\n\t\t\t\t<section class=\"elementor-section elementor-top-section elementor-element elementor-element-43895d9 elementor-section-boxed elementor-section-height-default elementor-section-height-default\" data-id=\"43895d9\" data-element_type=\"section\" data-e-type=\"section\" id=\"elements-spirits-caballetes\">\n\t\t\t\t\t\t\t<div class=\"elementor-background-overlay\"><\/div>\n\t\t\t\t\t\t\t<div class=\"elementor-container elementor-column-gap-default\">\n\t\t\t\t\t<div class=\"elementor-column elementor-col-100 elementor-top-column elementor-element elementor-element-75e3d14\" data-id=\"75e3d14\" data-element_type=\"column\" data-e-type=\"column\">\n\t\t\t<div class=\"elementor-widget-wrap elementor-element-populated\">\n\t\t\t\t\t\t<section class=\"elementor-section elementor-inner-section elementor-element elementor-element-84aa52c elementor-section-boxed elementor-section-height-default elementor-section-height-default\" data-id=\"84aa52c\" data-element_type=\"section\" data-e-type=\"section\">\n\t\t\t\t\t\t<div class=\"elementor-container elementor-column-gap-default\">\n\t\t\t\t\t<div class=\"elementor-column elementor-col-25 elementor-inner-column elementor-element elementor-element-7df2344\" data-id=\"7df2344\" data-element_type=\"column\" data-e-type=\"column\">\n\t\t\t<div class=\"elementor-widget-wrap elementor-element-populated\">\n\t\t\t\t\t\t<div class=\"elementor-element elementor-element-60f6d6f elementor-invisible elementor-widget elementor-widget-image\" data-id=\"60f6d6f\" data-element_type=\"widget\" data-e-type=\"widget\" data-settings=\"{&quot;_animation&quot;:&quot;fadeInUp&quot;,&quot;_animation_delay&quot;:750}\" data-widget_type=\"image.default\">\n\t\t\t\t<div class=\"elementor-widget-container\">\n\t\t\t\t\t\t\t\t\t\t\t\t\t\t\t<img decoding=\"async\" width=\"307\" height=\"682\" src=\"https:\/\/glasfirma.mx\/wp-content\/uploads\/2023\/05\/MANDARIN-FISH.png\" class=\"attachment-large size-large wp-image-4628\" alt=\"\" srcset=\"https:\/\/glasfirma.mx\/wp-content\/uploads\/2023\/05\/MANDARIN-FISH.png 307w, https:\/\/glasfirma.mx\/wp-content\/uploads\/2023\/05\/MANDARIN-FISH-135x300.png 135w, https:\/\/glasfirma.mx\/wp-content\/uploads\/2023\/05\/MANDARIN-FISH-5x12.png 5w\" sizes=\"(max-width: 307px) 100vw, 307px\" \/>\t\t\t\t\t\t\t\t\t\t\t\t\t\t\t<\/div>\n\t\t\t\t<\/div>\n\t\t\t\t<div class=\"elementor-element elementor-element-6c01ea8 imgzoom-der elementor-invisible elementor-widget elementor-widget-image\" data-id=\"6c01ea8\" data-element_type=\"widget\" data-e-type=\"widget\" data-settings=\"{&quot;_animation&quot;:&quot;fadeIn&quot;,&quot;_animation_delay&quot;:250}\" data-widget_type=\"image.default\">\n\t\t\t\t<div class=\"elementor-widget-container\">\n\t\t\t\t\t\t\t\t\t\t\t\t\t\t\t<img loading=\"lazy\" decoding=\"async\" width=\"800\" height=\"800\" src=\"https:\/\/glasfirma.mx\/wp-content\/uploads\/2023\/05\/MANDARIN-FISH_2.png\" class=\"attachment-large size-large wp-image-4629\" alt=\"\" srcset=\"https:\/\/glasfirma.mx\/wp-content\/uploads\/2023\/05\/MANDARIN-FISH_2.png 1000w, https:\/\/glasfirma.mx\/wp-content\/uploads\/2023\/05\/MANDARIN-FISH_2-300x300.png 300w, https:\/\/glasfirma.mx\/wp-content\/uploads\/2023\/05\/MANDARIN-FISH_2-150x150.png 150w, https:\/\/glasfirma.mx\/wp-content\/uploads\/2023\/05\/MANDARIN-FISH_2-768x768.png 768w, https:\/\/glasfirma.mx\/wp-content\/uploads\/2023\/05\/MANDARIN-FISH_2-12x12.png 12w\" sizes=\"(max-width: 800px) 100vw, 800px\" \/>\t\t\t\t\t\t\t\t\t\t\t\t\t\t\t<\/div>\n\t\t\t\t<\/div>\n\t\t\t\t<div class=\"elementor-element elementor-element-4254220 elementor-widget elementor-widget-heading\" data-id=\"4254220\" data-element_type=\"widget\" data-e-type=\"widget\" id=\"mandarin-headline\" data-widget_type=\"heading.default\">\n\t\t\t\t<div class=\"elementor-widget-container\">\n\t\t\t\t\t<h2 class=\"elementor-heading-title elementor-size-default\">Mandarin FIsh<\/h2>\t\t\t\t<\/div>\n\t\t\t\t<\/div>\n\t\t\t\t<div class=\"elementor-element elementor-element-ef5432f elementor-widget elementor-widget-text-editor\" data-id=\"ef5432f\" data-element_type=\"widget\" data-e-type=\"widget\" data-widget_type=\"text-editor.default\">\n\t\t\t\t<div class=\"elementor-widget-container\">\n\t\t\t\t\t\t\t\t\tEs un peque\u00f1o miembro, de colores brillantes de la familia dragonet, que es popular en el comercio de acuarios de agua salada. Es nativo del Pac\u00edfico, Se canusually se encuentran en algunas de las aguas m\u00e1s c\u00e1lidas.\t\t\t\t\t\t\t\t<\/div>\n\t\t\t\t<\/div>\n\t\t\t\t\t<\/div>\n\t\t<\/div>\n\t\t\t\t<div class=\"elementor-column elementor-col-25 elementor-inner-column elementor-element elementor-element-9a6aad4\" data-id=\"9a6aad4\" data-element_type=\"column\" data-e-type=\"column\">\n\t\t\t<div class=\"elementor-widget-wrap elementor-element-populated\">\n\t\t\t\t\t\t<div class=\"elementor-element elementor-element-82cad3e elementor-invisible elementor-widget elementor-widget-image\" data-id=\"82cad3e\" data-element_type=\"widget\" data-e-type=\"widget\" data-settings=\"{&quot;_animation&quot;:&quot;fadeInUp&quot;,&quot;_animation_delay&quot;:500}\" data-widget_type=\"image.default\">\n\t\t\t\t<div class=\"elementor-widget-container\">\n\t\t\t\t\t\t\t\t\t\t\t\t\t\t\t<img loading=\"lazy\" decoding=\"async\" width=\"307\" height=\"682\" src=\"https:\/\/glasfirma.mx\/wp-content\/uploads\/2023\/05\/OCTOPUS.png\" class=\"attachment-large size-large wp-image-4631\" alt=\"\" srcset=\"https:\/\/glasfirma.mx\/wp-content\/uploads\/2023\/05\/OCTOPUS.png 307w, https:\/\/glasfirma.mx\/wp-content\/uploads\/2023\/05\/OCTOPUS-135x300.png 135w, https:\/\/glasfirma.mx\/wp-content\/uploads\/2023\/05\/OCTOPUS-5x12.png 5w\" sizes=\"(max-width: 307px) 100vw, 307px\" \/>\t\t\t\t\t\t\t\t\t\t\t\t\t\t\t<\/div>\n\t\t\t\t<\/div>\n\t\t\t\t<div class=\"elementor-element elementor-element-83bee3e imgzoom-der elementor-invisible elementor-widget elementor-widget-image\" data-id=\"83bee3e\" data-element_type=\"widget\" data-e-type=\"widget\" data-settings=\"{&quot;_animation&quot;:&quot;fadeIn&quot;,&quot;_animation_delay&quot;:250}\" data-widget_type=\"image.default\">\n\t\t\t\t<div class=\"elementor-widget-container\">\n\t\t\t\t\t\t\t\t\t\t\t\t\t\t\t<img loading=\"lazy\" decoding=\"async\" width=\"800\" height=\"800\" src=\"https:\/\/glasfirma.mx\/wp-content\/uploads\/2023\/05\/OCTOPUS_2.png\" class=\"attachment-large size-large wp-image-4632\" alt=\"\" srcset=\"https:\/\/glasfirma.mx\/wp-content\/uploads\/2023\/05\/OCTOPUS_2.png 1000w, https:\/\/glasfirma.mx\/wp-content\/uploads\/2023\/05\/OCTOPUS_2-300x300.png 300w, https:\/\/glasfirma.mx\/wp-content\/uploads\/2023\/05\/OCTOPUS_2-150x150.png 150w, https:\/\/glasfirma.mx\/wp-content\/uploads\/2023\/05\/OCTOPUS_2-768x768.png 768w, https:\/\/glasfirma.mx\/wp-content\/uploads\/2023\/05\/OCTOPUS_2-12x12.png 12w\" sizes=\"(max-width: 800px) 100vw, 800px\" \/>\t\t\t\t\t\t\t\t\t\t\t\t\t\t\t<\/div>\n\t\t\t\t<\/div>\n\t\t\t\t<div class=\"elementor-element elementor-element-a635e85 elementor-widget elementor-widget-heading\" data-id=\"a635e85\" data-element_type=\"widget\" data-e-type=\"widget\" id=\"octopus-headline\" data-widget_type=\"heading.default\">\n\t\t\t\t<div class=\"elementor-widget-container\">\n\t\t\t\t\t<h2 class=\"elementor-heading-title elementor-size-default\">Octopus<\/h2>\t\t\t\t<\/div>\n\t\t\t\t<\/div>\n\t\t\t\t<div class=\"elementor-element elementor-element-fe6660f elementor-widget elementor-widget-text-editor\" data-id=\"fe6660f\" data-element_type=\"widget\" data-e-type=\"widget\" data-widget_type=\"text-editor.default\">\n\t\t\t\t<div class=\"elementor-widget-container\">\n\t\t\t\t\t\t\t\t\tSon moluscos de cuerpo blando y ocho extremidades del orden Octopoda. Al igual que otros cefal\u00f3podos, los pulpos tienen simetr\u00eda bilateral, dos ojos y una boca en forma de pico en el punto central de las ocho extremidades. Su cuerpo blando puede alterar radicalmente su forma, lo que permite a los pulpos colarse por peque\u00f1os huecos.\t\t\t\t\t\t\t\t<\/div>\n\t\t\t\t<\/div>\n\t\t\t\t\t<\/div>\n\t\t<\/div>\n\t\t\t\t<div class=\"elementor-column elementor-col-25 elementor-inner-column elementor-element elementor-element-b879ed5\" data-id=\"b879ed5\" data-element_type=\"column\" data-e-type=\"column\">\n\t\t\t<div class=\"elementor-widget-wrap elementor-element-populated\">\n\t\t\t\t\t\t<div class=\"elementor-element elementor-element-481bfc0 elementor-invisible elementor-widget elementor-widget-image\" data-id=\"481bfc0\" data-element_type=\"widget\" data-e-type=\"widget\" data-settings=\"{&quot;_animation&quot;:&quot;fadeInUp&quot;,&quot;_animation_delay&quot;:250}\" data-widget_type=\"image.default\">\n\t\t\t\t<div class=\"elementor-widget-container\">\n\t\t\t\t\t\t\t\t\t\t\t\t\t\t\t<img loading=\"lazy\" decoding=\"async\" width=\"307\" height=\"682\" src=\"https:\/\/glasfirma.mx\/wp-content\/uploads\/2023\/05\/BLUE-TANG.png\" class=\"attachment-large size-large wp-image-4624\" alt=\"\" srcset=\"https:\/\/glasfirma.mx\/wp-content\/uploads\/2023\/05\/BLUE-TANG.png 307w, https:\/\/glasfirma.mx\/wp-content\/uploads\/2023\/05\/BLUE-TANG-135x300.png 135w, https:\/\/glasfirma.mx\/wp-content\/uploads\/2023\/05\/BLUE-TANG-5x12.png 5w\" sizes=\"(max-width: 307px) 100vw, 307px\" \/>\t\t\t\t\t\t\t\t\t\t\t\t\t\t\t<\/div>\n\t\t\t\t<\/div>\n\t\t\t\t<div class=\"elementor-element elementor-element-7a0d5d9 imgzoom-der elementor-invisible elementor-widget elementor-widget-image\" data-id=\"7a0d5d9\" data-element_type=\"widget\" data-e-type=\"widget\" data-settings=\"{&quot;_animation&quot;:&quot;fadeIn&quot;,&quot;_animation_delay&quot;:250}\" data-widget_type=\"image.default\">\n\t\t\t\t<div class=\"elementor-widget-container\">\n\t\t\t\t\t\t\t\t\t\t\t\t\t\t\t<img loading=\"lazy\" decoding=\"async\" width=\"800\" height=\"800\" src=\"https:\/\/glasfirma.mx\/wp-content\/uploads\/2023\/05\/BLUE-TANG_2.png\" class=\"attachment-large size-large wp-image-4625\" alt=\"\" srcset=\"https:\/\/glasfirma.mx\/wp-content\/uploads\/2023\/05\/BLUE-TANG_2.png 1000w, https:\/\/glasfirma.mx\/wp-content\/uploads\/2023\/05\/BLUE-TANG_2-300x300.png 300w, https:\/\/glasfirma.mx\/wp-content\/uploads\/2023\/05\/BLUE-TANG_2-150x150.png 150w, https:\/\/glasfirma.mx\/wp-content\/uploads\/2023\/05\/BLUE-TANG_2-768x768.png 768w, https:\/\/glasfirma.mx\/wp-content\/uploads\/2023\/05\/BLUE-TANG_2-12x12.png 12w\" sizes=\"(max-width: 800px) 100vw, 800px\" \/>\t\t\t\t\t\t\t\t\t\t\t\t\t\t\t<\/div>\n\t\t\t\t<\/div>\n\t\t\t\t<div class=\"elementor-element elementor-element-a7b4661 elementor-widget elementor-widget-heading\" data-id=\"a7b4661\" data-element_type=\"widget\" data-e-type=\"widget\" id=\"bluetang-headline\" data-widget_type=\"heading.default\">\n\t\t\t\t<div class=\"elementor-widget-container\">\n\t\t\t\t\t<h2 class=\"elementor-heading-title elementor-size-default\">Blue Tang<\/h2>\t\t\t\t<\/div>\n\t\t\t\t<\/div>\n\t\t\t\t<div class=\"elementor-element elementor-element-4dc7637 elementor-widget elementor-widget-text-editor\" data-id=\"4dc7637\" data-element_type=\"widget\" data-e-type=\"widget\" data-widget_type=\"text-editor.default\">\n\t\t\t\t<div class=\"elementor-widget-container\">\n\t\t\t\t\t\t\t\t\tEs un pez cirujano que suele encontrarse en el oc\u00e9ano Atl\u00e1ntico. Puede alcanzar los 39 cent\u00edmetros de longitud. Entre sus nombres comunes se incluyen la aguja azul del Atl\u00e1ntico, el cangrejo azul, el doctor azul, el pez m\u00e9dico azul, la aguja azul, el pez cirujano de aguja azul, el barbero amarillo y el pez m\u00e9dico amarillo.\t\t\t\t\t\t\t\t<\/div>\n\t\t\t\t<\/div>\n\t\t\t\t\t<\/div>\n\t\t<\/div>\n\t\t\t\t<div class=\"elementor-column elementor-col-25 elementor-inner-column elementor-element elementor-element-bb682cd\" data-id=\"bb682cd\" data-element_type=\"column\" data-e-type=\"column\">\n\t\t\t<div class=\"elementor-widget-wrap elementor-element-populated\">\n\t\t\t\t\t\t<div class=\"elementor-element elementor-element-8bfe424 elementor-invisible elementor-widget elementor-widget-image\" data-id=\"8bfe424\" data-element_type=\"widget\" data-e-type=\"widget\" data-settings=\"{&quot;_animation&quot;:&quot;fadeInUp&quot;}\" data-widget_type=\"image.default\">\n\t\t\t\t<div class=\"elementor-widget-container\">\n\t\t\t\t\t\t\t\t\t\t\t\t\t\t\t<img loading=\"lazy\" decoding=\"async\" width=\"307\" height=\"682\" src=\"https:\/\/glasfirma.mx\/wp-content\/uploads\/2023\/05\/CLOWN-FISH.png\" class=\"attachment-large size-large wp-image-4626\" alt=\"\" srcset=\"https:\/\/glasfirma.mx\/wp-content\/uploads\/2023\/05\/CLOWN-FISH.png 307w, https:\/\/glasfirma.mx\/wp-content\/uploads\/2023\/05\/CLOWN-FISH-135x300.png 135w, https:\/\/glasfirma.mx\/wp-content\/uploads\/2023\/05\/CLOWN-FISH-5x12.png 5w\" sizes=\"(max-width: 307px) 100vw, 307px\" \/>\t\t\t\t\t\t\t\t\t\t\t\t\t\t\t<\/div>\n\t\t\t\t<\/div>\n\t\t\t\t<div class=\"elementor-element elementor-element-814010b imgzoom-der elementor-invisible elementor-widget elementor-widget-image\" data-id=\"814010b\" data-element_type=\"widget\" data-e-type=\"widget\" data-settings=\"{&quot;_animation&quot;:&quot;fadeIn&quot;,&quot;_animation_delay&quot;:250}\" data-widget_type=\"image.default\">\n\t\t\t\t<div class=\"elementor-widget-container\">\n\t\t\t\t\t\t\t\t\t\t\t\t\t\t\t<img loading=\"lazy\" decoding=\"async\" width=\"800\" height=\"800\" src=\"https:\/\/glasfirma.mx\/wp-content\/uploads\/2023\/05\/CLOWN-FISH_2.png\" class=\"attachment-large size-large wp-image-4627\" alt=\"\" srcset=\"https:\/\/glasfirma.mx\/wp-content\/uploads\/2023\/05\/CLOWN-FISH_2.png 1000w, https:\/\/glasfirma.mx\/wp-content\/uploads\/2023\/05\/CLOWN-FISH_2-300x300.png 300w, https:\/\/glasfirma.mx\/wp-content\/uploads\/2023\/05\/CLOWN-FISH_2-150x150.png 150w, https:\/\/glasfirma.mx\/wp-content\/uploads\/2023\/05\/CLOWN-FISH_2-768x768.png 768w, https:\/\/glasfirma.mx\/wp-content\/uploads\/2023\/05\/CLOWN-FISH_2-12x12.png 12w\" sizes=\"(max-width: 800px) 100vw, 800px\" \/>\t\t\t\t\t\t\t\t\t\t\t\t\t\t\t<\/div>\n\t\t\t\t<\/div>\n\t\t\t\t<div class=\"elementor-element elementor-element-25a7d57 elementor-widget elementor-widget-heading\" data-id=\"25a7d57\" data-element_type=\"widget\" data-e-type=\"widget\" id=\"clown-headline\" data-widget_type=\"heading.default\">\n\t\t\t\t<div class=\"elementor-widget-container\">\n\t\t\t\t\t<h2 class=\"elementor-heading-title elementor-size-default\">Clown Fish<\/h2>\t\t\t\t<\/div>\n\t\t\t\t<\/div>\n\t\t\t\t<div class=\"elementor-element elementor-element-2ab478b elementor-widget elementor-widget-text-editor\" data-id=\"2ab478b\" data-element_type=\"widget\" data-e-type=\"widget\" data-widget_type=\"text-editor.default\">\n\t\t\t\t<div class=\"elementor-widget-container\">\n\t\t\t\t\t\t\t\t\tLos peces payaso o an\u00e9monas son peces de la subfamilia Amphiprioninae de la familia Pomacentridae. Se reconocen treinta especies: una pertenece al g\u00e9nero Premnas y las dem\u00e1s al g\u00e9nero Amphiprion. En la naturaleza, todos forman mutualismos simbi\u00f3ticos con las an\u00e9monas de mar.\t\t\t\t\t\t\t\t<\/div>\n\t\t\t\t<\/div>\n\t\t\t\t\t<\/div>\n\t\t<\/div>\n\t\t\t\t\t<\/div>\n\t\t<\/section>\n\t\t\t\t\t<\/div>\n\t\t<\/div>\n\t\t\t\t\t<\/div>\n\t\t<\/section>\n\t\t<div class=\"elementor-element elementor-element-28a20397 e-flex e-con-boxed e-con e-parent\" data-id=\"28a20397\" data-element_type=\"container\" data-e-type=\"container\">\n\t\t\t\t\t<div class=\"e-con-inner\">\n\t\t\t\t\t<\/div>\n\t\t\t\t<\/div>\n\t\t\t\t<\/div>","protected":false},"excerpt":{"rendered":"<p>ocean The Ocean, is home to countless species of marine animals, of various shapes and colors. At VACOR we have been inspired by these beautiful creatures for our OCEAN collection, with vibrant colors, shades and brightness. Mandarin FIsh Is a small, brightly colored member of the dragonet family, which is popular in the saltwater aquarium [&hellip;]<\/p>\n","protected":false},"author":1,"featured_media":1255,"parent":0,"menu_order":0,"comment_status":"closed","ping_status":"closed","template":"","meta":{"footnotes":""},"class_list":["post-4155","page","type-page","status-publish","has-post-thumbnail","hentry"],"_links":{"self":[{"href":"https:\/\/glasfirma.mx\/es\/wp-json\/wp\/v2\/pages\/4155","targetHints":{"allow":["GET"]}}],"collection":[{"href":"https:\/\/glasfirma.mx\/es\/wp-json\/wp\/v2\/pages"}],"about":[{"href":"https:\/\/glasfirma.mx\/es\/wp-json\/wp\/v2\/types\/page"}],"author":[{"embeddable":true,"href":"https:\/\/glasfirma.mx\/es\/wp-json\/wp\/v2\/users\/1"}],"replies":[{"embeddable":true,"href":"https:\/\/glasfirma.mx\/es\/wp-json\/wp\/v2\/comments?post=4155"}],"version-history":[{"count":34,"href":"https:\/\/glasfirma.mx\/es\/wp-json\/wp\/v2\/pages\/4155\/revisions"}],"predecessor-version":[{"id":4927,"href":"https:\/\/glasfirma.mx\/es\/wp-json\/wp\/v2\/pages\/4155\/revisions\/4927"}],"wp:featuredmedia":[{"embeddable":true,"href":"https:\/\/glasfirma.mx\/es\/wp-json\/wp\/v2\/media\/1255"}],"wp:attachment":[{"href":"https:\/\/glasfirma.mx\/es\/wp-json\/wp\/v2\/media?parent=4155"}],"curies":[{"name":"wp","href":"https:\/\/api.w.org\/{rel}","templated":true}]}}