{"id":4184,"date":"2022-08-29T13:00:46","date_gmt":"2022-08-29T18:00:46","guid":{"rendered":"https:\/\/glasfirma.mx\/?page_id=4184"},"modified":"2023-06-16T11:32:03","modified_gmt":"2023-06-16T16:32:03","slug":"dragon","status":"publish","type":"page","link":"https:\/\/glasfirma.mx\/es\/dragon\/","title":{"rendered":"Dragon"},"content":{"rendered":"<div data-elementor-type=\"wp-page\" data-elementor-id=\"4184\" class=\"elementor elementor-4184\">\n\t\t\t\t\t\t<div class=\"elementor-section elementor-top-section elementor-element elementor-element-8f7598b elementor-section-full_width elementor-section-height-min-height elementor-section-height-default elementor-section-items-middle\" data-id=\"8f7598b\" data-element_type=\"section\" data-e-type=\"section\" id=\"elements-spirits-top\" data-settings=\"{&quot;background_background&quot;:&quot;classic&quot;}\">\n\t\t\t\t\t\t<div class=\"elementor-container elementor-column-gap-no\">\n\t\t\t\t\t<div class=\"elementor-column elementor-col-50 elementor-top-column elementor-element elementor-element-64a318b\" data-id=\"64a318b\" data-element_type=\"column\" data-e-type=\"column\">\n\t\t\t<div class=\"elementor-widget-wrap elementor-element-populated\">\n\t\t\t\t\t\t<div class=\"elementor-element elementor-element-44c5595 elementor-invisible elementor-widget elementor-widget-image\" data-id=\"44c5595\" data-element_type=\"widget\" data-e-type=\"widget\" data-settings=\"{&quot;_animation&quot;:&quot;fadeInDown&quot;}\" data-widget_type=\"image.default\">\n\t\t\t\t<div class=\"elementor-widget-container\">\n\t\t\t\t\t\t\t\t\t\t\t\t\t\t\t<img fetchpriority=\"high\" decoding=\"async\" width=\"800\" height=\"800\" src=\"https:\/\/glasfirma.mx\/wp-content\/uploads\/2023\/05\/THE-GUY_DRAGON-1024x1024.png\" class=\"attachment-large size-large wp-image-4573\" alt=\"\" srcset=\"https:\/\/glasfirma.mx\/wp-content\/uploads\/2023\/05\/THE-GUY_DRAGON-1024x1024.png 1024w, https:\/\/glasfirma.mx\/wp-content\/uploads\/2023\/05\/THE-GUY_DRAGON-300x300.png 300w, https:\/\/glasfirma.mx\/wp-content\/uploads\/2023\/05\/THE-GUY_DRAGON-150x150.png 150w, https:\/\/glasfirma.mx\/wp-content\/uploads\/2023\/05\/THE-GUY_DRAGON-768x768.png 768w, https:\/\/glasfirma.mx\/wp-content\/uploads\/2023\/05\/THE-GUY_DRAGON-12x12.png 12w, https:\/\/glasfirma.mx\/wp-content\/uploads\/2023\/05\/THE-GUY_DRAGON.png 1042w\" sizes=\"(max-width: 800px) 100vw, 800px\" \/>\t\t\t\t\t\t\t\t\t\t\t\t\t\t\t<\/div>\n\t\t\t\t<\/div>\n\t\t\t\t\t<\/div>\n\t\t<\/div>\n\t\t\t\t<div class=\"elementor-column elementor-col-50 elementor-top-column elementor-element elementor-element-c8229fd\" data-id=\"c8229fd\" data-element_type=\"column\" data-e-type=\"column\">\n\t\t\t<div class=\"elementor-widget-wrap elementor-element-populated\">\n\t\t\t\t\t\t<div class=\"elementor-element elementor-element-a663c25 elementor-invisible elementor-widget elementor-widget-heading\" data-id=\"a663c25\" data-element_type=\"widget\" data-e-type=\"widget\" data-settings=\"{&quot;_animation&quot;:&quot;fadeInUp&quot;}\" data-widget_type=\"heading.default\">\n\t\t\t\t<div class=\"elementor-widget-container\">\n\t\t\t\t\t<h2 class=\"elementor-heading-title elementor-size-default\">Dragon<\/h2>\t\t\t\t<\/div>\n\t\t\t\t<\/div>\n\t\t\t\t\t<\/div>\n\t\t<\/div>\n\t\t\t\t\t<\/div>\n\t\t<\/div>\n\t\t\t\t<div class=\"elementor-section elementor-top-section elementor-element elementor-element-74be259 elementor-section-boxed elementor-section-height-default elementor-section-height-default\" data-id=\"74be259\" data-element_type=\"section\" data-e-type=\"section\" data-settings=\"{&quot;background_background&quot;:&quot;classic&quot;}\">\n\t\t\t\t\t\t<div class=\"elementor-container elementor-column-gap-narrow\">\n\t\t\t\t\t<div class=\"elementor-column elementor-col-50 elementor-top-column elementor-element elementor-element-02693c8\" data-id=\"02693c8\" data-element_type=\"column\" data-e-type=\"column\">\n\t\t\t<div class=\"elementor-widget-wrap elementor-element-populated\">\n\t\t\t\t\t\t<div class=\"elementor-element elementor-element-297b22b elementor-widget__width-auto elementor-widget elementor-widget-html\" data-id=\"297b22b\" data-element_type=\"widget\" data-e-type=\"widget\" data-widget_type=\"html.default\">\n\t\t\t\t<div class=\"elementor-widget-container\">\n\t\t\t\t\t<a href=\"https:\/\/glasfirma.mx\/es\/dinosaurs\/\" class=\"btn-flip prev-btn movil-btn\" data-back=\"\u276e Dinosaurs \" data-front=\"\u276e Prev Collection\"><\/a>\t\t\t\t<\/div>\n\t\t\t\t<\/div>\n\t\t\t\t\t<\/div>\n\t\t<\/div>\n\t\t\t\t<div class=\"elementor-column elementor-col-50 elementor-top-column elementor-element elementor-element-7d3168a\" data-id=\"7d3168a\" data-element_type=\"column\" data-e-type=\"column\">\n\t\t\t<div class=\"elementor-widget-wrap elementor-element-populated\">\n\t\t\t\t\t\t<div class=\"elementor-element elementor-element-0a0b24b elementor-widget__width-auto elementor-widget elementor-widget-html\" data-id=\"0a0b24b\" data-element_type=\"widget\" data-e-type=\"widget\" data-widget_type=\"html.default\">\n\t\t\t\t<div class=\"elementor-widget-container\">\n\t\t\t\t\t<a href=\"https:\/\/glasfirma.mx\/es\/elements-spirits\/\" class=\"btn-flip next-btn  movil-btn\" data-back=\"Element Spirits \u276f\" data-front=\"Next Collection \u276f\"><\/a>\t\t\t\t<\/div>\n\t\t\t\t<\/div>\n\t\t\t\t\t<\/div>\n\t\t<\/div>\n\t\t\t\t\t<\/div>\n\t\t<\/div>\n\t\t\t\t<div class=\"elementor-section elementor-top-section elementor-element elementor-element-ba951e3 elementor-section-boxed elementor-section-height-default elementor-section-height-default\" data-id=\"ba951e3\" data-element_type=\"section\" data-e-type=\"section\" id=\"elements-spirits-historia\" data-settings=\"{&quot;background_background&quot;:&quot;classic&quot;}\">\n\t\t\t\t\t\t<div class=\"elementor-container elementor-column-gap-default\">\n\t\t\t\t\t<div class=\"elementor-column elementor-col-100 elementor-top-column elementor-element elementor-element-6577446\" data-id=\"6577446\" data-element_type=\"column\" data-e-type=\"column\">\n\t\t\t<div class=\"elementor-widget-wrap elementor-element-populated\">\n\t\t\t\t\t\t<div class=\"elementor-element elementor-element-e7e57dc elementor-invisible elementor-widget elementor-widget-image\" data-id=\"e7e57dc\" data-element_type=\"widget\" data-e-type=\"widget\" data-settings=\"{&quot;_animation&quot;:&quot;fadeIn&quot;}\" data-widget_type=\"image.default\">\n\t\t\t\t<div class=\"elementor-widget-container\">\n\t\t\t\t\t\t\t\t\t\t\t\t\t\t\t<img decoding=\"async\" width=\"800\" height=\"260\" src=\"https:\/\/glasfirma.mx\/wp-content\/uploads\/2023\/05\/MARCA-DRAGON-1024x333.png\" class=\"attachment-large size-large wp-image-4572\" alt=\"\" srcset=\"https:\/\/glasfirma.mx\/wp-content\/uploads\/2023\/05\/MARCA-DRAGON-1024x333.png 1024w, https:\/\/glasfirma.mx\/wp-content\/uploads\/2023\/05\/MARCA-DRAGON-300x98.png 300w, https:\/\/glasfirma.mx\/wp-content\/uploads\/2023\/05\/MARCA-DRAGON-768x250.png 768w, https:\/\/glasfirma.mx\/wp-content\/uploads\/2023\/05\/MARCA-DRAGON-18x6.png 18w, https:\/\/glasfirma.mx\/wp-content\/uploads\/2023\/05\/MARCA-DRAGON.png 1043w\" sizes=\"(max-width: 800px) 100vw, 800px\" \/>\t\t\t\t\t\t\t\t\t\t\t\t\t\t\t<\/div>\n\t\t\t\t<\/div>\n\t\t\t\t<div class=\"elementor-element elementor-element-2123079 elementor-widget elementor-widget-text-editor\" data-id=\"2123079\" data-element_type=\"widget\" data-e-type=\"widget\" data-settings=\"{&quot;_animation_mobile&quot;:&quot;fadeInUp&quot;}\" data-widget_type=\"text-editor.default\">\n\t\t\t\t<div class=\"elementor-widget-container\">\n\t\t\t\t\t\t\t\t\t<span class=\"gray-txt-colecciones\">Todos sabemos que el drag\u00f3n es una criatura legendaria que aparece en el folclore de muchas culturas de todo el mundo. Las creencias sobre los dragones var\u00edan seg\u00fan las regiones, pero los dragones de las culturas occidentales suelen ser representados como seres alados, con cuernos, de cuatro patas y capaces de respirar fuego. En las culturas orientales, los dragones suelen ser criaturas serpentiformes, cuadr\u00fapedas y sin alas.<strong><br\/>\u00bfQu\u00e9 ocurre si unimos los dragones y las canicas?<\/strong><\/span><span class=\"colored-fp-txt-colecciones\">\n\u00a1Resultan unas canicas legendarias!<\/span>\t\t\t\t\t\t\t\t<\/div>\n\t\t\t\t<\/div>\n\t\t\t\t\t<\/div>\n\t\t<\/div>\n\t\t\t\t\t<\/div>\n\t\t<\/div>\n\t\t\t\t<section class=\"elementor-section elementor-top-section elementor-element elementor-element-43895d9 elementor-section-boxed elementor-section-height-default elementor-section-height-default\" data-id=\"43895d9\" data-element_type=\"section\" data-e-type=\"section\" id=\"elements-spirits-caballetes\">\n\t\t\t\t\t\t\t<div class=\"elementor-background-overlay\"><\/div>\n\t\t\t\t\t\t\t<div class=\"elementor-container elementor-column-gap-default\">\n\t\t\t\t\t<div class=\"elementor-column elementor-col-100 elementor-top-column elementor-element elementor-element-75e3d14\" data-id=\"75e3d14\" data-element_type=\"column\" data-e-type=\"column\">\n\t\t\t<div class=\"elementor-widget-wrap elementor-element-populated\">\n\t\t\t\t\t\t<section class=\"elementor-section elementor-inner-section elementor-element elementor-element-84aa52c elementor-section-boxed elementor-section-height-default elementor-section-height-default\" data-id=\"84aa52c\" data-element_type=\"section\" data-e-type=\"section\">\n\t\t\t\t\t\t<div class=\"elementor-container elementor-column-gap-default\">\n\t\t\t\t\t<div class=\"elementor-column elementor-col-25 elementor-inner-column elementor-element elementor-element-7df2344\" data-id=\"7df2344\" data-element_type=\"column\" data-e-type=\"column\">\n\t\t\t<div class=\"elementor-widget-wrap elementor-element-populated\">\n\t\t\t\t\t\t<div class=\"elementor-element elementor-element-60f6d6f elementor-invisible elementor-widget elementor-widget-image\" data-id=\"60f6d6f\" data-element_type=\"widget\" data-e-type=\"widget\" data-settings=\"{&quot;_animation&quot;:&quot;fadeInUp&quot;,&quot;_animation_delay&quot;:750}\" data-widget_type=\"image.default\">\n\t\t\t\t<div class=\"elementor-widget-container\">\n\t\t\t\t\t\t\t\t\t\t\t\t\t\t\t<img decoding=\"async\" width=\"307\" height=\"682\" src=\"https:\/\/glasfirma.mx\/wp-content\/uploads\/2023\/05\/EARTHQUAKE.png\" class=\"attachment-large size-large wp-image-4565\" alt=\"\" srcset=\"https:\/\/glasfirma.mx\/wp-content\/uploads\/2023\/05\/EARTHQUAKE.png 307w, https:\/\/glasfirma.mx\/wp-content\/uploads\/2023\/05\/EARTHQUAKE-135x300.png 135w, https:\/\/glasfirma.mx\/wp-content\/uploads\/2023\/05\/EARTHQUAKE-5x12.png 5w\" sizes=\"(max-width: 307px) 100vw, 307px\" \/>\t\t\t\t\t\t\t\t\t\t\t\t\t\t\t<\/div>\n\t\t\t\t<\/div>\n\t\t\t\t<div class=\"elementor-element elementor-element-6c01ea8 imgzoom-der elementor-invisible elementor-widget elementor-widget-image\" data-id=\"6c01ea8\" data-element_type=\"widget\" data-e-type=\"widget\" data-settings=\"{&quot;_animation&quot;:&quot;fadeIn&quot;,&quot;_animation_delay&quot;:250}\" data-widget_type=\"image.default\">\n\t\t\t\t<div class=\"elementor-widget-container\">\n\t\t\t\t\t\t\t\t\t\t\t\t\t\t\t<img loading=\"lazy\" decoding=\"async\" width=\"800\" height=\"800\" src=\"https:\/\/glasfirma.mx\/wp-content\/uploads\/2023\/05\/EARTHQUAKE_2.png\" class=\"attachment-large size-large wp-image-4566\" alt=\"\" srcset=\"https:\/\/glasfirma.mx\/wp-content\/uploads\/2023\/05\/EARTHQUAKE_2.png 1000w, https:\/\/glasfirma.mx\/wp-content\/uploads\/2023\/05\/EARTHQUAKE_2-300x300.png 300w, https:\/\/glasfirma.mx\/wp-content\/uploads\/2023\/05\/EARTHQUAKE_2-150x150.png 150w, https:\/\/glasfirma.mx\/wp-content\/uploads\/2023\/05\/EARTHQUAKE_2-768x768.png 768w, https:\/\/glasfirma.mx\/wp-content\/uploads\/2023\/05\/EARTHQUAKE_2-12x12.png 12w\" sizes=\"(max-width: 800px) 100vw, 800px\" \/>\t\t\t\t\t\t\t\t\t\t\t\t\t\t\t<\/div>\n\t\t\t\t<\/div>\n\t\t\t\t<div class=\"elementor-element elementor-element-4254220 elementor-widget elementor-widget-heading\" data-id=\"4254220\" data-element_type=\"widget\" data-e-type=\"widget\" id=\"mandarin-headline\" data-widget_type=\"heading.default\">\n\t\t\t\t<div class=\"elementor-widget-container\">\n\t\t\t\t\t<h2 class=\"elementor-heading-title elementor-size-default\">EARTHQUAKE<\/h2>\t\t\t\t<\/div>\n\t\t\t\t<\/div>\n\t\t\t\t<div class=\"elementor-element elementor-element-ef5432f elementor-widget elementor-widget-text-editor\" data-id=\"ef5432f\" data-element_type=\"widget\" data-e-type=\"widget\" data-widget_type=\"text-editor.default\">\n\t\t\t\t<div class=\"elementor-widget-container\">\n\t\t\t\t\t\t\t\t\tSon dragones extraordinariamente inactivos, que permanecen en actitud pasiva y contemplativa durante enormes periodos de tiempo. Su sabidur\u00eda es enorme y el contacto que mantienen con las profundidades de la tierra les proporciona una visi\u00f3n total del pasado y cierta visi\u00f3n del futuro.\t\t\t\t\t\t\t\t<\/div>\n\t\t\t\t<\/div>\n\t\t\t\t\t<\/div>\n\t\t<\/div>\n\t\t\t\t<div class=\"elementor-column elementor-col-25 elementor-inner-column elementor-element elementor-element-9a6aad4\" data-id=\"9a6aad4\" data-element_type=\"column\" data-e-type=\"column\">\n\t\t\t<div class=\"elementor-widget-wrap elementor-element-populated\">\n\t\t\t\t\t\t<div class=\"elementor-element elementor-element-82cad3e elementor-invisible elementor-widget elementor-widget-image\" data-id=\"82cad3e\" data-element_type=\"widget\" data-e-type=\"widget\" data-settings=\"{&quot;_animation&quot;:&quot;fadeInUp&quot;,&quot;_animation_delay&quot;:500}\" data-widget_type=\"image.default\">\n\t\t\t\t<div class=\"elementor-widget-container\">\n\t\t\t\t\t\t\t\t\t\t\t\t\t\t\t<img loading=\"lazy\" decoding=\"async\" width=\"307\" height=\"682\" src=\"https:\/\/glasfirma.mx\/wp-content\/uploads\/2023\/05\/FIRE.png\" class=\"attachment-large size-large wp-image-4567\" alt=\"\" srcset=\"https:\/\/glasfirma.mx\/wp-content\/uploads\/2023\/05\/FIRE.png 307w, https:\/\/glasfirma.mx\/wp-content\/uploads\/2023\/05\/FIRE-135x300.png 135w, https:\/\/glasfirma.mx\/wp-content\/uploads\/2023\/05\/FIRE-5x12.png 5w\" sizes=\"(max-width: 307px) 100vw, 307px\" \/>\t\t\t\t\t\t\t\t\t\t\t\t\t\t\t<\/div>\n\t\t\t\t<\/div>\n\t\t\t\t<div class=\"elementor-element elementor-element-83bee3e imgzoom-der elementor-invisible elementor-widget elementor-widget-image\" data-id=\"83bee3e\" data-element_type=\"widget\" data-e-type=\"widget\" data-settings=\"{&quot;_animation&quot;:&quot;fadeIn&quot;,&quot;_animation_delay&quot;:250}\" data-widget_type=\"image.default\">\n\t\t\t\t<div class=\"elementor-widget-container\">\n\t\t\t\t\t\t\t\t\t\t\t\t\t\t\t<img loading=\"lazy\" decoding=\"async\" width=\"800\" height=\"800\" src=\"https:\/\/glasfirma.mx\/wp-content\/uploads\/2023\/05\/FIRE_2.png\" class=\"attachment-large size-large wp-image-4568\" alt=\"\" srcset=\"https:\/\/glasfirma.mx\/wp-content\/uploads\/2023\/05\/FIRE_2.png 1000w, https:\/\/glasfirma.mx\/wp-content\/uploads\/2023\/05\/FIRE_2-300x300.png 300w, https:\/\/glasfirma.mx\/wp-content\/uploads\/2023\/05\/FIRE_2-150x150.png 150w, https:\/\/glasfirma.mx\/wp-content\/uploads\/2023\/05\/FIRE_2-768x768.png 768w, https:\/\/glasfirma.mx\/wp-content\/uploads\/2023\/05\/FIRE_2-12x12.png 12w\" sizes=\"(max-width: 800px) 100vw, 800px\" \/>\t\t\t\t\t\t\t\t\t\t\t\t\t\t\t<\/div>\n\t\t\t\t<\/div>\n\t\t\t\t<div class=\"elementor-element elementor-element-a635e85 elementor-widget elementor-widget-heading\" data-id=\"a635e85\" data-element_type=\"widget\" data-e-type=\"widget\" id=\"octopus-headline\" data-widget_type=\"heading.default\">\n\t\t\t\t<div class=\"elementor-widget-container\">\n\t\t\t\t\t<h2 class=\"elementor-heading-title elementor-size-default\">fire blaze<\/h2>\t\t\t\t<\/div>\n\t\t\t\t<\/div>\n\t\t\t\t<div class=\"elementor-element elementor-element-fe6660f elementor-widget elementor-widget-text-editor\" data-id=\"fe6660f\" data-element_type=\"widget\" data-e-type=\"widget\" data-widget_type=\"text-editor.default\">\n\t\t\t\t<div class=\"elementor-widget-container\">\n\t\t\t\t\t\t\t\t\tVive en el Plano Elemental del Fuego y a veces, en el Plano Material, en los volcanes, en las profundidades de la Tierra o en los desiertos. Son seres muy irascibles y agresivos, pero nobles. Tienen un dominio absoluto del fuego.\t\t\t\t\t\t\t\t<\/div>\n\t\t\t\t<\/div>\n\t\t\t\t\t<\/div>\n\t\t<\/div>\n\t\t\t\t<div class=\"elementor-column elementor-col-25 elementor-inner-column elementor-element elementor-element-b879ed5\" data-id=\"b879ed5\" data-element_type=\"column\" data-e-type=\"column\">\n\t\t\t<div class=\"elementor-widget-wrap elementor-element-populated\">\n\t\t\t\t\t\t<div class=\"elementor-element elementor-element-481bfc0 elementor-invisible elementor-widget elementor-widget-image\" data-id=\"481bfc0\" data-element_type=\"widget\" data-e-type=\"widget\" data-settings=\"{&quot;_animation&quot;:&quot;fadeInUp&quot;,&quot;_animation_delay&quot;:250}\" data-widget_type=\"image.default\">\n\t\t\t\t<div class=\"elementor-widget-container\">\n\t\t\t\t\t\t\t\t\t\t\t\t\t\t\t<img loading=\"lazy\" decoding=\"async\" width=\"307\" height=\"682\" src=\"https:\/\/glasfirma.mx\/wp-content\/uploads\/2023\/05\/FROST.png\" class=\"attachment-large size-large wp-image-4570\" alt=\"\" srcset=\"https:\/\/glasfirma.mx\/wp-content\/uploads\/2023\/05\/FROST.png 307w, https:\/\/glasfirma.mx\/wp-content\/uploads\/2023\/05\/FROST-135x300.png 135w, https:\/\/glasfirma.mx\/wp-content\/uploads\/2023\/05\/FROST-5x12.png 5w\" sizes=\"(max-width: 307px) 100vw, 307px\" \/>\t\t\t\t\t\t\t\t\t\t\t\t\t\t\t<\/div>\n\t\t\t\t<\/div>\n\t\t\t\t<div class=\"elementor-element elementor-element-7a0d5d9 imgzoom-der elementor-invisible elementor-widget elementor-widget-image\" data-id=\"7a0d5d9\" data-element_type=\"widget\" data-e-type=\"widget\" data-settings=\"{&quot;_animation&quot;:&quot;fadeIn&quot;,&quot;_animation_delay&quot;:250}\" data-widget_type=\"image.default\">\n\t\t\t\t<div class=\"elementor-widget-container\">\n\t\t\t\t\t\t\t\t\t\t\t\t\t\t\t<img loading=\"lazy\" decoding=\"async\" width=\"800\" height=\"800\" src=\"https:\/\/glasfirma.mx\/wp-content\/uploads\/2023\/05\/FROST_2-1024x1024.png\" class=\"attachment-large size-large wp-image-4571\" alt=\"\" srcset=\"https:\/\/glasfirma.mx\/wp-content\/uploads\/2023\/05\/FROST_2-1024x1024.png 1024w, https:\/\/glasfirma.mx\/wp-content\/uploads\/2023\/05\/FROST_2-300x300.png 300w, https:\/\/glasfirma.mx\/wp-content\/uploads\/2023\/05\/FROST_2-150x150.png 150w, https:\/\/glasfirma.mx\/wp-content\/uploads\/2023\/05\/FROST_2-768x768.png 768w, https:\/\/glasfirma.mx\/wp-content\/uploads\/2023\/05\/FROST_2-1536x1536.png 1536w, https:\/\/glasfirma.mx\/wp-content\/uploads\/2023\/05\/FROST_2-12x12.png 12w, https:\/\/glasfirma.mx\/wp-content\/uploads\/2023\/05\/FROST_2.png 1920w\" sizes=\"(max-width: 800px) 100vw, 800px\" \/>\t\t\t\t\t\t\t\t\t\t\t\t\t\t\t<\/div>\n\t\t\t\t<\/div>\n\t\t\t\t<div class=\"elementor-element elementor-element-a7b4661 elementor-widget elementor-widget-heading\" data-id=\"a7b4661\" data-element_type=\"widget\" data-e-type=\"widget\" id=\"bluetang-headline\" data-widget_type=\"heading.default\">\n\t\t\t\t<div class=\"elementor-widget-container\">\n\t\t\t\t\t<h2 class=\"elementor-heading-title elementor-size-default\">Frost blast<\/h2>\t\t\t\t<\/div>\n\t\t\t\t<\/div>\n\t\t\t\t<div class=\"elementor-element elementor-element-4dc7637 elementor-widget elementor-widget-text-editor\" data-id=\"4dc7637\" data-element_type=\"widget\" data-e-type=\"widget\" data-widget_type=\"text-editor.default\">\n\t\t\t\t<div class=\"elementor-widget-container\">\n\t\t\t\t\t\t\t\t\tEs una criatura legendaria y temida, pues ning\u00fan hombre la ha domesticado jam\u00e1s. Cuando sobrevuela, deja a su paso un fr\u00edo desolador y una tierra helada. La leyenda dice que los dragones de hielo vagan por el Mar Tembloroso y los Bald\u00edos Blancos. Est\u00e1n hechos de hielo viviente, con ojos de cristal azul p\u00e1lido, vastas alas transl\u00facidas y aliento de fr\u00edo.\t\t\t\t\t\t\t\t<\/div>\n\t\t\t\t<\/div>\n\t\t\t\t\t<\/div>\n\t\t<\/div>\n\t\t\t\t<div class=\"elementor-column elementor-col-25 elementor-inner-column elementor-element elementor-element-bb682cd\" data-id=\"bb682cd\" data-element_type=\"column\" data-e-type=\"column\">\n\t\t\t<div class=\"elementor-widget-wrap elementor-element-populated\">\n\t\t\t\t\t\t<div class=\"elementor-element elementor-element-8bfe424 elementor-invisible elementor-widget elementor-widget-image\" data-id=\"8bfe424\" data-element_type=\"widget\" data-e-type=\"widget\" data-settings=\"{&quot;_animation&quot;:&quot;fadeInUp&quot;}\" data-widget_type=\"image.default\">\n\t\t\t\t<div class=\"elementor-widget-container\">\n\t\t\t\t\t\t\t\t\t\t\t\t\t\t\t<img loading=\"lazy\" decoding=\"async\" width=\"307\" height=\"682\" src=\"https:\/\/glasfirma.mx\/wp-content\/uploads\/2023\/05\/THUNDER.png\" class=\"attachment-large size-large wp-image-4574\" alt=\"\" srcset=\"https:\/\/glasfirma.mx\/wp-content\/uploads\/2023\/05\/THUNDER.png 307w, https:\/\/glasfirma.mx\/wp-content\/uploads\/2023\/05\/THUNDER-135x300.png 135w, https:\/\/glasfirma.mx\/wp-content\/uploads\/2023\/05\/THUNDER-5x12.png 5w\" sizes=\"(max-width: 307px) 100vw, 307px\" \/>\t\t\t\t\t\t\t\t\t\t\t\t\t\t\t<\/div>\n\t\t\t\t<\/div>\n\t\t\t\t<div class=\"elementor-element elementor-element-814010b imgzoom-der elementor-invisible elementor-widget elementor-widget-image\" data-id=\"814010b\" data-element_type=\"widget\" data-e-type=\"widget\" data-settings=\"{&quot;_animation&quot;:&quot;fadeIn&quot;,&quot;_animation_delay&quot;:250}\" data-widget_type=\"image.default\">\n\t\t\t\t<div class=\"elementor-widget-container\">\n\t\t\t\t\t\t\t\t\t\t\t\t\t\t\t<img loading=\"lazy\" decoding=\"async\" width=\"800\" height=\"800\" src=\"https:\/\/glasfirma.mx\/wp-content\/uploads\/2023\/05\/THUNDER_2.png\" class=\"attachment-large size-large wp-image-4575\" alt=\"\" srcset=\"https:\/\/glasfirma.mx\/wp-content\/uploads\/2023\/05\/THUNDER_2.png 1000w, https:\/\/glasfirma.mx\/wp-content\/uploads\/2023\/05\/THUNDER_2-300x300.png 300w, https:\/\/glasfirma.mx\/wp-content\/uploads\/2023\/05\/THUNDER_2-150x150.png 150w, https:\/\/glasfirma.mx\/wp-content\/uploads\/2023\/05\/THUNDER_2-768x768.png 768w, https:\/\/glasfirma.mx\/wp-content\/uploads\/2023\/05\/THUNDER_2-12x12.png 12w\" sizes=\"(max-width: 800px) 100vw, 800px\" \/>\t\t\t\t\t\t\t\t\t\t\t\t\t\t\t<\/div>\n\t\t\t\t<\/div>\n\t\t\t\t<div class=\"elementor-element elementor-element-25a7d57 elementor-widget elementor-widget-heading\" data-id=\"25a7d57\" data-element_type=\"widget\" data-e-type=\"widget\" id=\"clown-headline\" data-widget_type=\"heading.default\">\n\t\t\t\t<div class=\"elementor-widget-container\">\n\t\t\t\t\t<h2 class=\"elementor-heading-title elementor-size-default\">Thunder Storm<\/h2>\t\t\t\t<\/div>\n\t\t\t\t<\/div>\n\t\t\t\t<div class=\"elementor-element elementor-element-2ab478b elementor-widget elementor-widget-text-editor\" data-id=\"2ab478b\" data-element_type=\"widget\" data-e-type=\"widget\" data-widget_type=\"text-editor.default\">\n\t\t\t\t<div class=\"elementor-widget-container\">\n\t\t\t\t\t\t\t\t\tEste drag\u00f3n tiene cuerpo de serpiente con alas anchas. Su cabeza es ancha y plana, con un hocico largo y anguloso y crestas que se extienden hacia atr\u00e1s desde la mand\u00edbula, las mejillas y la frente. Sus ojos crepitan como rel\u00e1mpagos. Aprovechando los poderes elementales de la tormenta, estas majestuosas bestias crepitan como rel\u00e1mpagos y rugen como truenos.\t\t\t\t\t\t\t\t<\/div>\n\t\t\t\t<\/div>\n\t\t\t\t\t<\/div>\n\t\t<\/div>\n\t\t\t\t\t<\/div>\n\t\t<\/section>\n\t\t\t\t\t<\/div>\n\t\t<\/div>\n\t\t\t\t\t<\/div>\n\t\t<\/section>\n\t\t<div class=\"elementor-element elementor-element-3730b099 e-flex e-con-boxed e-con e-parent\" data-id=\"3730b099\" data-element_type=\"container\" data-e-type=\"container\">\n\t\t\t\t\t<div class=\"e-con-inner\">\n\t\t\t\t\t<\/div>\n\t\t\t\t<\/div>\n\t\t\t\t<\/div>","protected":false},"excerpt":{"rendered":"<p>Dragon We all know that a dragon is a legendary creatures that appears in the folklore of many cultures worldwide. Beliefs about dragons vary through regions, but dragons in western cultures have often been depicted as winged, horned, four-legged, and capable of breathing fire. Dragons in eastern cultures are usually depicted as wingless, four-legged, serpentine [&hellip;]<\/p>\n","protected":false},"author":1,"featured_media":1255,"parent":0,"menu_order":0,"comment_status":"closed","ping_status":"closed","template":"","meta":{"footnotes":""},"class_list":["post-4184","page","type-page","status-publish","has-post-thumbnail","hentry"],"_links":{"self":[{"href":"https:\/\/glasfirma.mx\/es\/wp-json\/wp\/v2\/pages\/4184","targetHints":{"allow":["GET"]}}],"collection":[{"href":"https:\/\/glasfirma.mx\/es\/wp-json\/wp\/v2\/pages"}],"about":[{"href":"https:\/\/glasfirma.mx\/es\/wp-json\/wp\/v2\/types\/page"}],"author":[{"embeddable":true,"href":"https:\/\/glasfirma.mx\/es\/wp-json\/wp\/v2\/users\/1"}],"replies":[{"embeddable":true,"href":"https:\/\/glasfirma.mx\/es\/wp-json\/wp\/v2\/comments?post=4184"}],"version-history":[{"count":40,"href":"https:\/\/glasfirma.mx\/es\/wp-json\/wp\/v2\/pages\/4184\/revisions"}],"predecessor-version":[{"id":4915,"href":"https:\/\/glasfirma.mx\/es\/wp-json\/wp\/v2\/pages\/4184\/revisions\/4915"}],"wp:featuredmedia":[{"embeddable":true,"href":"https:\/\/glasfirma.mx\/es\/wp-json\/wp\/v2\/media\/1255"}],"wp:attachment":[{"href":"https:\/\/glasfirma.mx\/es\/wp-json\/wp\/v2\/media?parent=4184"}],"curies":[{"name":"wp","href":"https:\/\/api.w.org\/{rel}","templated":true}]}}