{"id":4237,"date":"2022-08-30T10:53:03","date_gmt":"2022-08-30T15:53:03","guid":{"rendered":"https:\/\/glasfirma.mx\/?page_id=4237"},"modified":"2023-06-16T11:31:49","modified_gmt":"2023-06-16T16:31:49","slug":"cute","status":"publish","type":"page","link":"https:\/\/glasfirma.mx\/es\/cute\/","title":{"rendered":"Cute"},"content":{"rendered":"<div data-elementor-type=\"wp-page\" data-elementor-id=\"4237\" class=\"elementor elementor-4237\">\n\t\t\t\t\t\t<div class=\"elementor-section elementor-top-section elementor-element elementor-element-8f7598b elementor-section-full_width elementor-section-height-min-height elementor-section-height-default elementor-section-items-middle\" data-id=\"8f7598b\" data-element_type=\"section\" data-e-type=\"section\" id=\"elements-spirits-top\" data-settings=\"{&quot;background_background&quot;:&quot;classic&quot;}\">\n\t\t\t\t\t\t<div class=\"elementor-container elementor-column-gap-no\">\n\t\t\t\t\t<div class=\"elementor-column elementor-col-50 elementor-top-column elementor-element elementor-element-64a318b\" data-id=\"64a318b\" data-element_type=\"column\" data-e-type=\"column\">\n\t\t\t<div class=\"elementor-widget-wrap elementor-element-populated\">\n\t\t\t\t\t\t<div class=\"elementor-element elementor-element-44c5595 elementor-invisible elementor-widget elementor-widget-image\" data-id=\"44c5595\" data-element_type=\"widget\" data-e-type=\"widget\" data-settings=\"{&quot;_animation&quot;:&quot;fadeInDown&quot;}\" data-widget_type=\"image.default\">\n\t\t\t\t<div class=\"elementor-widget-container\">\n\t\t\t\t\t\t\t\t\t\t\t\t\t\t\t<img fetchpriority=\"high\" decoding=\"async\" width=\"800\" height=\"800\" src=\"https:\/\/glasfirma.mx\/wp-content\/uploads\/2023\/05\/THE-GUY_CUTE-1024x1024.png\" class=\"attachment-large size-large wp-image-4541\" alt=\"\" srcset=\"https:\/\/glasfirma.mx\/wp-content\/uploads\/2023\/05\/THE-GUY_CUTE-1024x1024.png 1024w, https:\/\/glasfirma.mx\/wp-content\/uploads\/2023\/05\/THE-GUY_CUTE-300x300.png 300w, https:\/\/glasfirma.mx\/wp-content\/uploads\/2023\/05\/THE-GUY_CUTE-150x150.png 150w, https:\/\/glasfirma.mx\/wp-content\/uploads\/2023\/05\/THE-GUY_CUTE-768x768.png 768w, https:\/\/glasfirma.mx\/wp-content\/uploads\/2023\/05\/THE-GUY_CUTE-12x12.png 12w, https:\/\/glasfirma.mx\/wp-content\/uploads\/2023\/05\/THE-GUY_CUTE.png 1042w\" sizes=\"(max-width: 800px) 100vw, 800px\" \/>\t\t\t\t\t\t\t\t\t\t\t\t\t\t\t<\/div>\n\t\t\t\t<\/div>\n\t\t\t\t\t<\/div>\n\t\t<\/div>\n\t\t\t\t<div class=\"elementor-column elementor-col-50 elementor-top-column elementor-element elementor-element-c8229fd\" data-id=\"c8229fd\" data-element_type=\"column\" data-e-type=\"column\">\n\t\t\t<div class=\"elementor-widget-wrap elementor-element-populated\">\n\t\t\t\t\t\t<div class=\"elementor-element elementor-element-a663c25 elementor-invisible elementor-widget elementor-widget-heading\" data-id=\"a663c25\" data-element_type=\"widget\" data-e-type=\"widget\" data-settings=\"{&quot;_animation&quot;:&quot;fadeInUp&quot;}\" data-widget_type=\"heading.default\">\n\t\t\t\t<div class=\"elementor-widget-container\">\n\t\t\t\t\t<h2 class=\"elementor-heading-title elementor-size-default\">cute<\/h2>\t\t\t\t<\/div>\n\t\t\t\t<\/div>\n\t\t\t\t\t<\/div>\n\t\t<\/div>\n\t\t\t\t\t<\/div>\n\t\t<\/div>\n\t\t\t\t<div class=\"elementor-section elementor-top-section elementor-element elementor-element-74be259 elementor-section-boxed elementor-section-height-default elementor-section-height-default\" data-id=\"74be259\" data-element_type=\"section\" data-e-type=\"section\" data-settings=\"{&quot;background_background&quot;:&quot;classic&quot;}\">\n\t\t\t\t\t\t<div class=\"elementor-container elementor-column-gap-narrow\">\n\t\t\t\t\t<div class=\"elementor-column elementor-col-50 elementor-top-column elementor-element elementor-element-02693c8\" data-id=\"02693c8\" data-element_type=\"column\" data-e-type=\"column\">\n\t\t\t<div class=\"elementor-widget-wrap elementor-element-populated\">\n\t\t\t\t\t\t<div class=\"elementor-element elementor-element-297b22b elementor-widget__width-auto elementor-widget elementor-widget-html\" data-id=\"297b22b\" data-element_type=\"widget\" data-e-type=\"widget\" data-widget_type=\"html.default\">\n\t\t\t\t<div class=\"elementor-widget-container\">\n\t\t\t\t\t<a href=\"https:\/\/glasfirma.mx\/es\/best-seller\/\" class=\"btn-flip prev-btn movil-btn\" data-back=\"\u276e Best Seller \" data-front=\"\u276e Prev Collection\"><\/a>\t\t\t\t<\/div>\n\t\t\t\t<\/div>\n\t\t\t\t\t<\/div>\n\t\t<\/div>\n\t\t\t\t<div class=\"elementor-column elementor-col-50 elementor-top-column elementor-element elementor-element-7d3168a\" data-id=\"7d3168a\" data-element_type=\"column\" data-e-type=\"column\">\n\t\t\t<div class=\"elementor-widget-wrap elementor-element-populated\">\n\t\t\t\t\t\t<div class=\"elementor-element elementor-element-0a0b24b elementor-widget__width-auto elementor-widget elementor-widget-html\" data-id=\"0a0b24b\" data-element_type=\"widget\" data-e-type=\"widget\" data-widget_type=\"html.default\">\n\t\t\t\t<div class=\"elementor-widget-container\">\n\t\t\t\t\t<a href=\"https:\/\/glasfirma.mx\/es\/dinosaurs\/\" class=\"btn-flip next-btn  movil-btn\" data-back=\"Dinosaurs \u276f\" data-front=\"Next Collection \u276f\"><\/a>\t\t\t\t<\/div>\n\t\t\t\t<\/div>\n\t\t\t\t\t<\/div>\n\t\t<\/div>\n\t\t\t\t\t<\/div>\n\t\t<\/div>\n\t\t\t\t<div class=\"elementor-section elementor-top-section elementor-element elementor-element-ba951e3 elementor-section-boxed elementor-section-height-default elementor-section-height-default\" data-id=\"ba951e3\" data-element_type=\"section\" data-e-type=\"section\" id=\"elements-spirits-historia\" data-settings=\"{&quot;background_background&quot;:&quot;classic&quot;}\">\n\t\t\t\t\t\t<div class=\"elementor-container elementor-column-gap-default\">\n\t\t\t\t\t<div class=\"elementor-column elementor-col-100 elementor-top-column elementor-element elementor-element-6577446\" data-id=\"6577446\" data-element_type=\"column\" data-e-type=\"column\">\n\t\t\t<div class=\"elementor-widget-wrap elementor-element-populated\">\n\t\t\t\t\t\t<div class=\"elementor-element elementor-element-e7e57dc elementor-invisible elementor-widget elementor-widget-image\" data-id=\"e7e57dc\" data-element_type=\"widget\" data-e-type=\"widget\" data-settings=\"{&quot;_animation&quot;:&quot;fadeIn&quot;}\" data-widget_type=\"image.default\">\n\t\t\t\t<div class=\"elementor-widget-container\">\n\t\t\t\t\t\t\t\t\t\t\t\t\t\t\t<img decoding=\"async\" width=\"800\" height=\"815\" src=\"https:\/\/glasfirma.mx\/wp-content\/uploads\/2023\/05\/MARCA-CUTE-1005x1024.png\" class=\"attachment-large size-large wp-image-4538\" alt=\"\" srcset=\"https:\/\/glasfirma.mx\/wp-content\/uploads\/2023\/05\/MARCA-CUTE-1005x1024.png 1005w, https:\/\/glasfirma.mx\/wp-content\/uploads\/2023\/05\/MARCA-CUTE-294x300.png 294w, https:\/\/glasfirma.mx\/wp-content\/uploads\/2023\/05\/MARCA-CUTE-768x783.png 768w, https:\/\/glasfirma.mx\/wp-content\/uploads\/2023\/05\/MARCA-CUTE-12x12.png 12w, https:\/\/glasfirma.mx\/wp-content\/uploads\/2023\/05\/MARCA-CUTE.png 1043w\" sizes=\"(max-width: 800px) 100vw, 800px\" \/>\t\t\t\t\t\t\t\t\t\t\t\t\t\t\t<\/div>\n\t\t\t\t<\/div>\n\t\t\t\t<div class=\"elementor-element elementor-element-2123079 elementor-widget elementor-widget-text-editor\" data-id=\"2123079\" data-element_type=\"widget\" data-e-type=\"widget\" data-settings=\"{&quot;_animation_mobile&quot;:&quot;fadeInUp&quot;}\" data-widget_type=\"text-editor.default\">\n\t\t\t\t<div class=\"elementor-widget-container\">\n\t\t\t\t\t\t\t\t\t<span class=\"gray-txt-colecciones\">Si, es <\/span><span class=\"colored-fp-txt-colecciones\">cute<\/span><span class=\"gray-txt-colecciones\"> pero es mucho m\u00e1s que eso... Una chica con muchas facetas, en todas las actividades que hace, siempre es adorable.<\/span>\t\t\t\t\t\t\t\t<\/div>\n\t\t\t\t<\/div>\n\t\t\t\t\t<\/div>\n\t\t<\/div>\n\t\t\t\t\t<\/div>\n\t\t<\/div>\n\t\t\t\t<section class=\"elementor-section elementor-top-section elementor-element elementor-element-43895d9 elementor-section-boxed elementor-section-height-default elementor-section-height-default\" data-id=\"43895d9\" data-element_type=\"section\" data-e-type=\"section\" id=\"elements-spirits-caballetes\">\n\t\t\t\t\t\t\t<div class=\"elementor-background-overlay\"><\/div>\n\t\t\t\t\t\t\t<div class=\"elementor-container elementor-column-gap-default\">\n\t\t\t\t\t<div class=\"elementor-column elementor-col-100 elementor-top-column elementor-element elementor-element-75e3d14\" data-id=\"75e3d14\" data-element_type=\"column\" data-e-type=\"column\">\n\t\t\t<div class=\"elementor-widget-wrap elementor-element-populated\">\n\t\t\t\t\t\t<section class=\"elementor-section elementor-inner-section elementor-element elementor-element-84aa52c elementor-section-boxed elementor-section-height-default elementor-section-height-default\" data-id=\"84aa52c\" data-element_type=\"section\" data-e-type=\"section\">\n\t\t\t\t\t\t<div class=\"elementor-container elementor-column-gap-default\">\n\t\t\t\t\t<div class=\"elementor-column elementor-col-25 elementor-inner-column elementor-element elementor-element-7df2344\" data-id=\"7df2344\" data-element_type=\"column\" data-e-type=\"column\">\n\t\t\t<div class=\"elementor-widget-wrap elementor-element-populated\">\n\t\t\t\t\t\t<div class=\"elementor-element elementor-element-60f6d6f elementor-invisible elementor-widget elementor-widget-image\" data-id=\"60f6d6f\" data-element_type=\"widget\" data-e-type=\"widget\" data-settings=\"{&quot;_animation&quot;:&quot;fadeInUp&quot;,&quot;_animation_delay&quot;:750}\" data-widget_type=\"image.default\">\n\t\t\t\t<div class=\"elementor-widget-container\">\n\t\t\t\t\t\t\t\t\t\t\t\t\t\t\t<img decoding=\"async\" width=\"460\" height=\"1024\" src=\"https:\/\/glasfirma.mx\/wp-content\/uploads\/2023\/05\/BUBBLES-460x1024.png\" class=\"attachment-large size-large wp-image-4534\" alt=\"\" srcset=\"https:\/\/glasfirma.mx\/wp-content\/uploads\/2023\/05\/BUBBLES-460x1024.png 460w, https:\/\/glasfirma.mx\/wp-content\/uploads\/2023\/05\/BUBBLES-135x300.png 135w, https:\/\/glasfirma.mx\/wp-content\/uploads\/2023\/05\/BUBBLES-5x12.png 5w, https:\/\/glasfirma.mx\/wp-content\/uploads\/2023\/05\/BUBBLES.png 613w\" sizes=\"(max-width: 460px) 100vw, 460px\" \/>\t\t\t\t\t\t\t\t\t\t\t\t\t\t\t<\/div>\n\t\t\t\t<\/div>\n\t\t\t\t<div class=\"elementor-element elementor-element-6c01ea8 imgzoom-der elementor-invisible elementor-widget elementor-widget-image\" data-id=\"6c01ea8\" data-element_type=\"widget\" data-e-type=\"widget\" data-settings=\"{&quot;_animation&quot;:&quot;fadeIn&quot;,&quot;_animation_delay&quot;:250}\" data-widget_type=\"image.default\">\n\t\t\t\t<div class=\"elementor-widget-container\">\n\t\t\t\t\t\t\t\t\t\t\t\t\t\t\t<img loading=\"lazy\" decoding=\"async\" width=\"800\" height=\"800\" src=\"https:\/\/glasfirma.mx\/wp-content\/uploads\/2023\/05\/BUBBLES_2.png\" class=\"attachment-large size-large wp-image-4535\" alt=\"\" srcset=\"https:\/\/glasfirma.mx\/wp-content\/uploads\/2023\/05\/BUBBLES_2.png 1000w, https:\/\/glasfirma.mx\/wp-content\/uploads\/2023\/05\/BUBBLES_2-300x300.png 300w, https:\/\/glasfirma.mx\/wp-content\/uploads\/2023\/05\/BUBBLES_2-150x150.png 150w, https:\/\/glasfirma.mx\/wp-content\/uploads\/2023\/05\/BUBBLES_2-768x768.png 768w, https:\/\/glasfirma.mx\/wp-content\/uploads\/2023\/05\/BUBBLES_2-12x12.png 12w\" sizes=\"(max-width: 800px) 100vw, 800px\" \/>\t\t\t\t\t\t\t\t\t\t\t\t\t\t\t<\/div>\n\t\t\t\t<\/div>\n\t\t\t\t<div class=\"elementor-element elementor-element-4254220 elementor-widget elementor-widget-heading\" data-id=\"4254220\" data-element_type=\"widget\" data-e-type=\"widget\" id=\"bubbles-headline\" data-widget_type=\"heading.default\">\n\t\t\t\t<div class=\"elementor-widget-container\">\n\t\t\t\t\t<h2 class=\"elementor-heading-title elementor-size-default\">BUBBLES<\/h2>\t\t\t\t<\/div>\n\t\t\t\t<\/div>\n\t\t\t\t<div class=\"elementor-element elementor-element-ef5432f elementor-widget elementor-widget-text-editor\" data-id=\"ef5432f\" data-element_type=\"widget\" data-e-type=\"widget\" data-widget_type=\"text-editor.default\">\n\t\t\t\t<div class=\"elementor-widget-container\">\n\t\t\t\t\t\t\t\t\tLe gusta jugar y ver c\u00f3mo suben y brillan las burbujas, con preciosos destellos azules. \u00a1Son brillantes!\t\t\t\t\t\t\t\t<\/div>\n\t\t\t\t<\/div>\n\t\t\t\t\t<\/div>\n\t\t<\/div>\n\t\t\t\t<div class=\"elementor-column elementor-col-25 elementor-inner-column elementor-element elementor-element-9a6aad4\" data-id=\"9a6aad4\" data-element_type=\"column\" data-e-type=\"column\">\n\t\t\t<div class=\"elementor-widget-wrap elementor-element-populated\">\n\t\t\t\t\t\t<div class=\"elementor-element elementor-element-82cad3e elementor-invisible elementor-widget elementor-widget-image\" data-id=\"82cad3e\" data-element_type=\"widget\" data-e-type=\"widget\" data-settings=\"{&quot;_animation&quot;:&quot;fadeInUp&quot;,&quot;_animation_delay&quot;:500}\" data-widget_type=\"image.default\">\n\t\t\t\t<div class=\"elementor-widget-container\">\n\t\t\t\t\t\t\t\t\t\t\t\t\t\t\t<img loading=\"lazy\" decoding=\"async\" width=\"307\" height=\"682\" src=\"https:\/\/glasfirma.mx\/wp-content\/uploads\/2023\/05\/KITTY.png\" class=\"attachment-large size-large wp-image-4536\" alt=\"\" srcset=\"https:\/\/glasfirma.mx\/wp-content\/uploads\/2023\/05\/KITTY.png 307w, https:\/\/glasfirma.mx\/wp-content\/uploads\/2023\/05\/KITTY-135x300.png 135w, https:\/\/glasfirma.mx\/wp-content\/uploads\/2023\/05\/KITTY-5x12.png 5w\" sizes=\"(max-width: 307px) 100vw, 307px\" \/>\t\t\t\t\t\t\t\t\t\t\t\t\t\t\t<\/div>\n\t\t\t\t<\/div>\n\t\t\t\t<div class=\"elementor-element elementor-element-83bee3e imgzoom-der elementor-invisible elementor-widget elementor-widget-image\" data-id=\"83bee3e\" data-element_type=\"widget\" data-e-type=\"widget\" data-settings=\"{&quot;_animation&quot;:&quot;fadeIn&quot;,&quot;_animation_delay&quot;:250}\" data-widget_type=\"image.default\">\n\t\t\t\t<div class=\"elementor-widget-container\">\n\t\t\t\t\t\t\t\t\t\t\t\t\t\t\t<img loading=\"lazy\" decoding=\"async\" width=\"800\" height=\"800\" src=\"https:\/\/glasfirma.mx\/wp-content\/uploads\/2023\/05\/KITTY_2.png\" class=\"attachment-large size-large wp-image-4537\" alt=\"\" srcset=\"https:\/\/glasfirma.mx\/wp-content\/uploads\/2023\/05\/KITTY_2.png 1000w, https:\/\/glasfirma.mx\/wp-content\/uploads\/2023\/05\/KITTY_2-300x300.png 300w, https:\/\/glasfirma.mx\/wp-content\/uploads\/2023\/05\/KITTY_2-150x150.png 150w, https:\/\/glasfirma.mx\/wp-content\/uploads\/2023\/05\/KITTY_2-768x768.png 768w, https:\/\/glasfirma.mx\/wp-content\/uploads\/2023\/05\/KITTY_2-12x12.png 12w\" sizes=\"(max-width: 800px) 100vw, 800px\" \/>\t\t\t\t\t\t\t\t\t\t\t\t\t\t\t<\/div>\n\t\t\t\t<\/div>\n\t\t\t\t<div class=\"elementor-element elementor-element-a635e85 elementor-widget elementor-widget-heading\" data-id=\"a635e85\" data-element_type=\"widget\" data-e-type=\"widget\" id=\"kitty-headline\" data-widget_type=\"heading.default\">\n\t\t\t\t<div class=\"elementor-widget-container\">\n\t\t\t\t\t<h2 class=\"elementor-heading-title elementor-size-default\">Kitty<\/h2>\t\t\t\t<\/div>\n\t\t\t\t<\/div>\n\t\t\t\t<div class=\"elementor-element elementor-element-fe6660f elementor-widget elementor-widget-text-editor\" data-id=\"fe6660f\" data-element_type=\"widget\" data-e-type=\"widget\" data-widget_type=\"text-editor.default\">\n\t\t\t\t<div class=\"elementor-widget-container\">\n\t\t\t\t\t\t\t\t\tLo que m\u00e1s le gusta es cuidar y mimar a su peque\u00f1o y fiel gato. Kitty es un t\u00e9rmino que puede tener varios significados, su acepci\u00f3n m\u00e1s popular es \"gatito\" peque\u00f1o gato o cr\u00eda.\t\t\t\t\t\t\t\t<\/div>\n\t\t\t\t<\/div>\n\t\t\t\t\t<\/div>\n\t\t<\/div>\n\t\t\t\t<div class=\"elementor-column elementor-col-25 elementor-inner-column elementor-element elementor-element-b879ed5\" data-id=\"b879ed5\" data-element_type=\"column\" data-e-type=\"column\">\n\t\t\t<div class=\"elementor-widget-wrap elementor-element-populated\">\n\t\t\t\t\t\t<div class=\"elementor-element elementor-element-481bfc0 elementor-invisible elementor-widget elementor-widget-image\" data-id=\"481bfc0\" data-element_type=\"widget\" data-e-type=\"widget\" data-settings=\"{&quot;_animation&quot;:&quot;fadeInUp&quot;,&quot;_animation_delay&quot;:250}\" data-widget_type=\"image.default\">\n\t\t\t\t<div class=\"elementor-widget-container\">\n\t\t\t\t\t\t\t\t\t\t\t\t\t\t\t<img loading=\"lazy\" decoding=\"async\" width=\"307\" height=\"682\" src=\"https:\/\/glasfirma.mx\/wp-content\/uploads\/2023\/05\/PRINCESS.png\" class=\"attachment-large size-large wp-image-4539\" alt=\"\" srcset=\"https:\/\/glasfirma.mx\/wp-content\/uploads\/2023\/05\/PRINCESS.png 307w, https:\/\/glasfirma.mx\/wp-content\/uploads\/2023\/05\/PRINCESS-135x300.png 135w, https:\/\/glasfirma.mx\/wp-content\/uploads\/2023\/05\/PRINCESS-5x12.png 5w\" sizes=\"(max-width: 307px) 100vw, 307px\" \/>\t\t\t\t\t\t\t\t\t\t\t\t\t\t\t<\/div>\n\t\t\t\t<\/div>\n\t\t\t\t<div class=\"elementor-element elementor-element-7a0d5d9 imgzoom-der elementor-invisible elementor-widget elementor-widget-image\" data-id=\"7a0d5d9\" data-element_type=\"widget\" data-e-type=\"widget\" data-settings=\"{&quot;_animation&quot;:&quot;fadeIn&quot;,&quot;_animation_delay&quot;:250}\" data-widget_type=\"image.default\">\n\t\t\t\t<div class=\"elementor-widget-container\">\n\t\t\t\t\t\t\t\t\t\t\t\t\t\t\t<img loading=\"lazy\" decoding=\"async\" width=\"800\" height=\"800\" src=\"https:\/\/glasfirma.mx\/wp-content\/uploads\/2023\/05\/PRINCESS_2.png\" class=\"attachment-large size-large wp-image-4540\" alt=\"\" srcset=\"https:\/\/glasfirma.mx\/wp-content\/uploads\/2023\/05\/PRINCESS_2.png 1000w, https:\/\/glasfirma.mx\/wp-content\/uploads\/2023\/05\/PRINCESS_2-300x300.png 300w, https:\/\/glasfirma.mx\/wp-content\/uploads\/2023\/05\/PRINCESS_2-150x150.png 150w, https:\/\/glasfirma.mx\/wp-content\/uploads\/2023\/05\/PRINCESS_2-768x768.png 768w, https:\/\/glasfirma.mx\/wp-content\/uploads\/2023\/05\/PRINCESS_2-12x12.png 12w\" sizes=\"(max-width: 800px) 100vw, 800px\" \/>\t\t\t\t\t\t\t\t\t\t\t\t\t\t\t<\/div>\n\t\t\t\t<\/div>\n\t\t\t\t<div class=\"elementor-element elementor-element-a7b4661 elementor-widget elementor-widget-heading\" data-id=\"a7b4661\" data-element_type=\"widget\" data-e-type=\"widget\" id=\"princess-headline\" data-widget_type=\"heading.default\">\n\t\t\t\t<div class=\"elementor-widget-container\">\n\t\t\t\t\t<h2 class=\"elementor-heading-title elementor-size-default\">princess<\/h2>\t\t\t\t<\/div>\n\t\t\t\t<\/div>\n\t\t\t\t<div class=\"elementor-element elementor-element-4dc7637 elementor-widget elementor-widget-text-editor\" data-id=\"4dc7637\" data-element_type=\"widget\" data-e-type=\"widget\" data-widget_type=\"text-editor.default\">\n\t\t\t\t<div class=\"elementor-widget-container\">\n\t\t\t\t\t\t\t\t\tLe gusta imaginar y so\u00f1ar que es una princesa, blanca como la nieve, brillante y hermosa. Princesa es un rango real y el equivalente femenino de Pr\u00edncipe.\t\t\t\t\t\t\t\t<\/div>\n\t\t\t\t<\/div>\n\t\t\t\t\t<\/div>\n\t\t<\/div>\n\t\t\t\t<div class=\"elementor-column elementor-col-25 elementor-inner-column elementor-element elementor-element-bb682cd\" data-id=\"bb682cd\" data-element_type=\"column\" data-e-type=\"column\">\n\t\t\t<div class=\"elementor-widget-wrap elementor-element-populated\">\n\t\t\t\t\t\t<div class=\"elementor-element elementor-element-8bfe424 elementor-invisible elementor-widget elementor-widget-image\" data-id=\"8bfe424\" data-element_type=\"widget\" data-e-type=\"widget\" data-settings=\"{&quot;_animation&quot;:&quot;fadeInUp&quot;}\" data-widget_type=\"image.default\">\n\t\t\t\t<div class=\"elementor-widget-container\">\n\t\t\t\t\t\t\t\t\t\t\t\t\t\t\t<img loading=\"lazy\" decoding=\"async\" width=\"307\" height=\"682\" src=\"https:\/\/glasfirma.mx\/wp-content\/uploads\/2023\/05\/UNICORN.png\" class=\"attachment-large size-large wp-image-4542\" alt=\"\" srcset=\"https:\/\/glasfirma.mx\/wp-content\/uploads\/2023\/05\/UNICORN.png 307w, https:\/\/glasfirma.mx\/wp-content\/uploads\/2023\/05\/UNICORN-135x300.png 135w, https:\/\/glasfirma.mx\/wp-content\/uploads\/2023\/05\/UNICORN-5x12.png 5w\" sizes=\"(max-width: 307px) 100vw, 307px\" \/>\t\t\t\t\t\t\t\t\t\t\t\t\t\t\t<\/div>\n\t\t\t\t<\/div>\n\t\t\t\t<div class=\"elementor-element elementor-element-814010b imgzoom-der elementor-invisible elementor-widget elementor-widget-image\" data-id=\"814010b\" data-element_type=\"widget\" data-e-type=\"widget\" data-settings=\"{&quot;_animation&quot;:&quot;fadeIn&quot;,&quot;_animation_delay&quot;:250}\" data-widget_type=\"image.default\">\n\t\t\t\t<div class=\"elementor-widget-container\">\n\t\t\t\t\t\t\t\t\t\t\t\t\t\t\t<img loading=\"lazy\" decoding=\"async\" width=\"800\" height=\"800\" src=\"https:\/\/glasfirma.mx\/wp-content\/uploads\/2023\/05\/UNICORN_2.png\" class=\"attachment-large size-large wp-image-4543\" alt=\"\" srcset=\"https:\/\/glasfirma.mx\/wp-content\/uploads\/2023\/05\/UNICORN_2.png 1000w, https:\/\/glasfirma.mx\/wp-content\/uploads\/2023\/05\/UNICORN_2-300x300.png 300w, https:\/\/glasfirma.mx\/wp-content\/uploads\/2023\/05\/UNICORN_2-150x150.png 150w, https:\/\/glasfirma.mx\/wp-content\/uploads\/2023\/05\/UNICORN_2-768x768.png 768w, https:\/\/glasfirma.mx\/wp-content\/uploads\/2023\/05\/UNICORN_2-12x12.png 12w\" sizes=\"(max-width: 800px) 100vw, 800px\" \/>\t\t\t\t\t\t\t\t\t\t\t\t\t\t\t<\/div>\n\t\t\t\t<\/div>\n\t\t\t\t<div class=\"elementor-element elementor-element-25a7d57 elementor-widget elementor-widget-heading\" data-id=\"25a7d57\" data-element_type=\"widget\" data-e-type=\"widget\" id=\"unicorn-headline\" data-widget_type=\"heading.default\">\n\t\t\t\t<div class=\"elementor-widget-container\">\n\t\t\t\t\t<h2 class=\"elementor-heading-title elementor-size-default\">unicorn<\/h2>\t\t\t\t<\/div>\n\t\t\t\t<\/div>\n\t\t\t\t<div class=\"elementor-element elementor-element-2ab478b elementor-widget elementor-widget-text-editor\" data-id=\"2ab478b\" data-element_type=\"widget\" data-e-type=\"widget\" data-widget_type=\"text-editor.default\">\n\t\t\t\t<div class=\"elementor-widget-container\">\n\t\t\t\t\t\t\t\t\tUtiliza su fantas\u00eda para imaginar que puede ser un unicornio. Un unicornio es una criatura legendaria que posee habilidades m\u00e1gicas y un caracter\u00edstico cuerno multicolor.\t\t\t\t\t\t\t\t<\/div>\n\t\t\t\t<\/div>\n\t\t\t\t\t<\/div>\n\t\t<\/div>\n\t\t\t\t\t<\/div>\n\t\t<\/section>\n\t\t\t\t\t<\/div>\n\t\t<\/div>\n\t\t\t\t\t<\/div>\n\t\t<\/section>\n\t\t<div class=\"elementor-element elementor-element-5128f5d1 e-flex e-con-boxed e-con e-parent\" data-id=\"5128f5d1\" data-element_type=\"container\" data-e-type=\"container\">\n\t\t\t\t\t<div class=\"e-con-inner\">\n\t\t\t\t\t<\/div>\n\t\t\t\t<\/div>\n\t\t\t\t<\/div>","protected":false},"excerpt":{"rendered":"<p>cute Yes, she\u2019s cute , but she\u2019s much more than that&#8230; A girl with many facets, in all the activities she does, always is adorable. BUBBLES She likes to play and see bubbles rise and shine, with beautiful blue sparkles. They are bright! Kitty What she enjoys the most is taking care of and pampering [&hellip;]<\/p>\n","protected":false},"author":1,"featured_media":0,"parent":0,"menu_order":0,"comment_status":"closed","ping_status":"closed","template":"","meta":{"footnotes":""},"class_list":["post-4237","page","type-page","status-publish","hentry"],"_links":{"self":[{"href":"https:\/\/glasfirma.mx\/es\/wp-json\/wp\/v2\/pages\/4237","targetHints":{"allow":["GET"]}}],"collection":[{"href":"https:\/\/glasfirma.mx\/es\/wp-json\/wp\/v2\/pages"}],"about":[{"href":"https:\/\/glasfirma.mx\/es\/wp-json\/wp\/v2\/types\/page"}],"author":[{"embeddable":true,"href":"https:\/\/glasfirma.mx\/es\/wp-json\/wp\/v2\/users\/1"}],"replies":[{"embeddable":true,"href":"https:\/\/glasfirma.mx\/es\/wp-json\/wp\/v2\/comments?post=4237"}],"version-history":[{"count":34,"href":"https:\/\/glasfirma.mx\/es\/wp-json\/wp\/v2\/pages\/4237\/revisions"}],"predecessor-version":[{"id":4909,"href":"https:\/\/glasfirma.mx\/es\/wp-json\/wp\/v2\/pages\/4237\/revisions\/4909"}],"wp:attachment":[{"href":"https:\/\/glasfirma.mx\/es\/wp-json\/wp\/v2\/media?parent=4237"}],"curies":[{"name":"wp","href":"https:\/\/api.w.org\/{rel}","templated":true}]}}