{"id":4648,"date":"2023-05-25T14:19:25","date_gmt":"2023-05-25T19:19:25","guid":{"rendered":"https:\/\/glasfirma.mx\/?page_id=4648"},"modified":"2023-06-16T11:48:38","modified_gmt":"2023-06-16T16:48:38","slug":"pirates","status":"publish","type":"page","link":"https:\/\/glasfirma.mx\/es\/pirates\/","title":{"rendered":"Pirates"},"content":{"rendered":"<div data-elementor-type=\"wp-page\" data-elementor-id=\"4648\" class=\"elementor elementor-4648\">\n\t\t\t\t\t\t<div class=\"elementor-section elementor-top-section elementor-element elementor-element-8f7598b elementor-section-full_width elementor-section-height-min-height elementor-section-height-default elementor-section-items-middle\" data-id=\"8f7598b\" data-element_type=\"section\" data-e-type=\"section\" id=\"elements-spirits-top\" data-settings=\"{&quot;background_background&quot;:&quot;classic&quot;}\">\n\t\t\t\t\t\t<div class=\"elementor-container elementor-column-gap-no\">\n\t\t\t\t\t<div class=\"elementor-column elementor-col-50 elementor-top-column elementor-element elementor-element-64a318b\" data-id=\"64a318b\" data-element_type=\"column\" data-e-type=\"column\">\n\t\t\t<div class=\"elementor-widget-wrap elementor-element-populated\">\n\t\t\t\t\t\t<div class=\"elementor-element elementor-element-44c5595 elementor-invisible elementor-widget elementor-widget-image\" data-id=\"44c5595\" data-element_type=\"widget\" data-e-type=\"widget\" data-settings=\"{&quot;_animation&quot;:&quot;fadeInDown&quot;}\" data-widget_type=\"image.default\">\n\t\t\t\t<div class=\"elementor-widget-container\">\n\t\t\t\t\t\t\t\t\t\t\t\t\t\t\t<img fetchpriority=\"high\" decoding=\"async\" width=\"800\" height=\"800\" src=\"https:\/\/glasfirma.mx\/wp-content\/uploads\/2023\/05\/THE-GUY_PIRATES-1024x1024.png\" class=\"attachment-large size-large wp-image-4647\" alt=\"\" srcset=\"https:\/\/glasfirma.mx\/wp-content\/uploads\/2023\/05\/THE-GUY_PIRATES-1024x1024.png 1024w, https:\/\/glasfirma.mx\/wp-content\/uploads\/2023\/05\/THE-GUY_PIRATES-300x300.png 300w, https:\/\/glasfirma.mx\/wp-content\/uploads\/2023\/05\/THE-GUY_PIRATES-150x150.png 150w, https:\/\/glasfirma.mx\/wp-content\/uploads\/2023\/05\/THE-GUY_PIRATES-768x768.png 768w, https:\/\/glasfirma.mx\/wp-content\/uploads\/2023\/05\/THE-GUY_PIRATES-12x12.png 12w, https:\/\/glasfirma.mx\/wp-content\/uploads\/2023\/05\/THE-GUY_PIRATES.png 1042w\" sizes=\"(max-width: 800px) 100vw, 800px\" \/>\t\t\t\t\t\t\t\t\t\t\t\t\t\t\t<\/div>\n\t\t\t\t<\/div>\n\t\t\t\t\t<\/div>\n\t\t<\/div>\n\t\t\t\t<div class=\"elementor-column elementor-col-50 elementor-top-column elementor-element elementor-element-c8229fd\" data-id=\"c8229fd\" data-element_type=\"column\" data-e-type=\"column\">\n\t\t\t<div class=\"elementor-widget-wrap elementor-element-populated\">\n\t\t\t\t\t\t<div class=\"elementor-element elementor-element-a663c25 elementor-invisible elementor-widget elementor-widget-heading\" data-id=\"a663c25\" data-element_type=\"widget\" data-e-type=\"widget\" data-settings=\"{&quot;_animation&quot;:&quot;fadeInUp&quot;}\" data-widget_type=\"heading.default\">\n\t\t\t\t<div class=\"elementor-widget-container\">\n\t\t\t\t\t<h2 class=\"elementor-heading-title elementor-size-default\">Pirates<\/h2>\t\t\t\t<\/div>\n\t\t\t\t<\/div>\n\t\t\t\t\t<\/div>\n\t\t<\/div>\n\t\t\t\t\t<\/div>\n\t\t<\/div>\n\t\t\t\t<div class=\"elementor-section elementor-top-section elementor-element elementor-element-74be259 elementor-section-boxed elementor-section-height-default elementor-section-height-default\" data-id=\"74be259\" data-element_type=\"section\" data-e-type=\"section\" data-settings=\"{&quot;background_background&quot;:&quot;classic&quot;}\">\n\t\t\t\t\t\t<div class=\"elementor-container elementor-column-gap-narrow\">\n\t\t\t\t\t<div class=\"elementor-column elementor-col-50 elementor-top-column elementor-element elementor-element-02693c8\" data-id=\"02693c8\" data-element_type=\"column\" data-e-type=\"column\">\n\t\t\t<div class=\"elementor-widget-wrap elementor-element-populated\">\n\t\t\t\t\t\t<div class=\"elementor-element elementor-element-297b22b elementor-widget__width-auto elementor-widget elementor-widget-html\" data-id=\"297b22b\" data-element_type=\"widget\" data-e-type=\"widget\" data-widget_type=\"html.default\">\n\t\t\t\t<div class=\"elementor-widget-container\">\n\t\t\t\t\t<a href=\"https:\/\/glasfirma.mx\/es\/ocean\/\" class=\"btn-flip prev-btn movil-btn\" data-back=\"\u276e Ocean \" data-front=\"\u276e Prev Collection\"><\/a>\t\t\t\t<\/div>\n\t\t\t\t<\/div>\n\t\t\t\t\t<\/div>\n\t\t<\/div>\n\t\t\t\t<div class=\"elementor-column elementor-col-50 elementor-top-column elementor-element elementor-element-7d3168a\" data-id=\"7d3168a\" data-element_type=\"column\" data-e-type=\"column\">\n\t\t\t<div class=\"elementor-widget-wrap elementor-element-populated\">\n\t\t\t\t\t\t<div class=\"elementor-element elementor-element-0a0b24b elementor-widget__width-auto elementor-widget elementor-widget-html\" data-id=\"0a0b24b\" data-element_type=\"widget\" data-e-type=\"widget\" data-widget_type=\"html.default\">\n\t\t\t\t<div class=\"elementor-widget-container\">\n\t\t\t\t\t<a href=\"https:\/\/glasfirma.mx\/es\/super-girls\/\" class=\"btn-flip next-btn  movil-btn\" data-back=\"Super Girls \u276f\" data-front=\"Next Collection \u276f\"><\/a>\t\t\t\t<\/div>\n\t\t\t\t<\/div>\n\t\t\t\t\t<\/div>\n\t\t<\/div>\n\t\t\t\t\t<\/div>\n\t\t<\/div>\n\t\t\t\t<div class=\"elementor-section elementor-top-section elementor-element elementor-element-ba951e3 elementor-section-boxed elementor-section-height-default elementor-section-height-default\" data-id=\"ba951e3\" data-element_type=\"section\" data-e-type=\"section\" id=\"elements-spirits-historia\" data-settings=\"{&quot;background_background&quot;:&quot;classic&quot;}\">\n\t\t\t\t\t\t<div class=\"elementor-container elementor-column-gap-default\">\n\t\t\t\t\t<div class=\"elementor-column elementor-col-100 elementor-top-column elementor-element elementor-element-6577446\" data-id=\"6577446\" data-element_type=\"column\" data-e-type=\"column\">\n\t\t\t<div class=\"elementor-widget-wrap elementor-element-populated\">\n\t\t\t\t\t\t<div class=\"elementor-element elementor-element-e7e57dc elementor-invisible elementor-widget elementor-widget-image\" data-id=\"e7e57dc\" data-element_type=\"widget\" data-e-type=\"widget\" data-settings=\"{&quot;_animation&quot;:&quot;fadeIn&quot;}\" data-widget_type=\"image.default\">\n\t\t\t\t<div class=\"elementor-widget-container\">\n\t\t\t\t\t\t\t\t\t\t\t\t\t\t\t<img decoding=\"async\" width=\"800\" height=\"370\" src=\"https:\/\/glasfirma.mx\/wp-content\/uploads\/2023\/05\/MARCA-PIRATES-1024x474.png\" class=\"attachment-large size-large wp-image-4639\" alt=\"\" srcset=\"https:\/\/glasfirma.mx\/wp-content\/uploads\/2023\/05\/MARCA-PIRATES-1024x474.png 1024w, https:\/\/glasfirma.mx\/wp-content\/uploads\/2023\/05\/MARCA-PIRATES-300x139.png 300w, https:\/\/glasfirma.mx\/wp-content\/uploads\/2023\/05\/MARCA-PIRATES-768x356.png 768w, https:\/\/glasfirma.mx\/wp-content\/uploads\/2023\/05\/MARCA-PIRATES-18x8.png 18w, https:\/\/glasfirma.mx\/wp-content\/uploads\/2023\/05\/MARCA-PIRATES.png 1047w\" sizes=\"(max-width: 800px) 100vw, 800px\" \/>\t\t\t\t\t\t\t\t\t\t\t\t\t\t\t<\/div>\n\t\t\t\t<\/div>\n\t\t\t\t<div class=\"elementor-element elementor-element-2123079 elementor-widget elementor-widget-text-editor\" data-id=\"2123079\" data-element_type=\"widget\" data-e-type=\"widget\" data-settings=\"{&quot;_animation_mobile&quot;:&quot;fadeInUp&quot;}\" data-widget_type=\"text-editor.default\">\n\t\t\t\t<div class=\"elementor-widget-container\">\n\t\t\t\t\t\t\t\t\t<p><span class=\"colored-fp-txt-colecciones\"> Pirates<\/span><span class=\"gray-txt-colecciones\">, son delincuentes que atacan barcos en el mar. Los piratas m\u00e1s famosos surcaron los mares desde finales del siglo XVI hasta principios del siglo XIX. Un s\u00edmbolo com\u00fan de los piratas era la Jolly Roger, una bandera negra con una calavera blanca y huesos cruzados. Muchas de las ideas que la gente tiene sobre los piratas proceden de libros y pel\u00edculas. Hablan de vidas llenas de aventuras y tesoros enterrados. Las historias son una mezcla de realidad y ficci\u00f3n. En Vacor nos encantan las historias, \u00a1y los piratas cobran vida en nuestras canicas! <\/span><\/p>\t\t\t\t\t\t\t\t<\/div>\n\t\t\t\t<\/div>\n\t\t\t\t\t<\/div>\n\t\t<\/div>\n\t\t\t\t\t<\/div>\n\t\t<\/div>\n\t\t\t\t<section class=\"elementor-section elementor-top-section elementor-element elementor-element-43895d9 elementor-section-boxed elementor-section-height-default elementor-section-height-default\" data-id=\"43895d9\" data-element_type=\"section\" data-e-type=\"section\" id=\"elements-spirits-caballetes\">\n\t\t\t\t\t\t\t<div class=\"elementor-background-overlay\"><\/div>\n\t\t\t\t\t\t\t<div class=\"elementor-container elementor-column-gap-default\">\n\t\t\t\t\t<div class=\"elementor-column elementor-col-100 elementor-top-column elementor-element elementor-element-75e3d14\" data-id=\"75e3d14\" data-element_type=\"column\" data-e-type=\"column\">\n\t\t\t<div class=\"elementor-widget-wrap elementor-element-populated\">\n\t\t\t\t\t\t<section class=\"elementor-section elementor-inner-section elementor-element elementor-element-84aa52c elementor-section-boxed elementor-section-height-default elementor-section-height-default\" data-id=\"84aa52c\" data-element_type=\"section\" data-e-type=\"section\">\n\t\t\t\t\t\t<div class=\"elementor-container elementor-column-gap-default\">\n\t\t\t\t\t<div class=\"elementor-column elementor-col-25 elementor-inner-column elementor-element elementor-element-7df2344\" data-id=\"7df2344\" data-element_type=\"column\" data-e-type=\"column\">\n\t\t\t<div class=\"elementor-widget-wrap elementor-element-populated\">\n\t\t\t\t\t\t<div class=\"elementor-element elementor-element-60f6d6f elementor-invisible elementor-widget elementor-widget-image\" data-id=\"60f6d6f\" data-element_type=\"widget\" data-e-type=\"widget\" data-settings=\"{&quot;_animation&quot;:&quot;fadeInUp&quot;,&quot;_animation_delay&quot;:750}\" data-widget_type=\"image.default\">\n\t\t\t\t<div class=\"elementor-widget-container\">\n\t\t\t\t\t\t\t\t\t\t\t\t\t\t\t<img decoding=\"async\" width=\"460\" height=\"1024\" src=\"https:\/\/glasfirma.mx\/wp-content\/uploads\/2023\/05\/RED-BEARD-460x1024.png\" class=\"attachment-large size-large wp-image-4645\" alt=\"\" srcset=\"https:\/\/glasfirma.mx\/wp-content\/uploads\/2023\/05\/RED-BEARD-460x1024.png 460w, https:\/\/glasfirma.mx\/wp-content\/uploads\/2023\/05\/RED-BEARD-135x300.png 135w, https:\/\/glasfirma.mx\/wp-content\/uploads\/2023\/05\/RED-BEARD-5x12.png 5w, https:\/\/glasfirma.mx\/wp-content\/uploads\/2023\/05\/RED-BEARD.png 613w\" sizes=\"(max-width: 460px) 100vw, 460px\" \/>\t\t\t\t\t\t\t\t\t\t\t\t\t\t\t<\/div>\n\t\t\t\t<\/div>\n\t\t\t\t<div class=\"elementor-element elementor-element-6c01ea8 imgzoom-der elementor-invisible elementor-widget elementor-widget-image\" data-id=\"6c01ea8\" data-element_type=\"widget\" data-e-type=\"widget\" data-settings=\"{&quot;_animation&quot;:&quot;fadeIn&quot;,&quot;_animation_delay&quot;:250}\" data-widget_type=\"image.default\">\n\t\t\t\t<div class=\"elementor-widget-container\">\n\t\t\t\t\t\t\t\t\t\t\t\t\t\t\t<img loading=\"lazy\" decoding=\"async\" width=\"800\" height=\"800\" src=\"https:\/\/glasfirma.mx\/wp-content\/uploads\/2023\/05\/RED-BEARD_2.png\" class=\"attachment-large size-large wp-image-4646\" alt=\"\" srcset=\"https:\/\/glasfirma.mx\/wp-content\/uploads\/2023\/05\/RED-BEARD_2.png 1000w, https:\/\/glasfirma.mx\/wp-content\/uploads\/2023\/05\/RED-BEARD_2-300x300.png 300w, https:\/\/glasfirma.mx\/wp-content\/uploads\/2023\/05\/RED-BEARD_2-150x150.png 150w, https:\/\/glasfirma.mx\/wp-content\/uploads\/2023\/05\/RED-BEARD_2-768x768.png 768w, https:\/\/glasfirma.mx\/wp-content\/uploads\/2023\/05\/RED-BEARD_2-12x12.png 12w\" sizes=\"(max-width: 800px) 100vw, 800px\" \/>\t\t\t\t\t\t\t\t\t\t\t\t\t\t\t<\/div>\n\t\t\t\t<\/div>\n\t\t\t\t<div class=\"elementor-element elementor-element-4254220 elementor-widget elementor-widget-heading\" data-id=\"4254220\" data-element_type=\"widget\" data-e-type=\"widget\" id=\"mandarin-headline\" data-widget_type=\"heading.default\">\n\t\t\t\t<div class=\"elementor-widget-container\">\n\t\t\t\t\t<h2 class=\"elementor-heading-title elementor-size-default\">Red Beard<\/h2>\t\t\t\t<\/div>\n\t\t\t\t<\/div>\n\t\t\t\t<div class=\"elementor-element elementor-element-ef5432f elementor-widget elementor-widget-text-editor\" data-id=\"ef5432f\" data-element_type=\"widget\" data-e-type=\"widget\" data-widget_type=\"text-editor.default\">\n\t\t\t\t<div class=\"elementor-widget-container\">\n\t\t\t\t\t\t\t\t\t<p>Fue un corsario turco nacido en el siglo XVI, almirante de la flota otomana. Siempre se dedic\u00f3 a luchar contra los espa\u00f1oles.<\/p>\t\t\t\t\t\t\t\t<\/div>\n\t\t\t\t<\/div>\n\t\t\t\t\t<\/div>\n\t\t<\/div>\n\t\t\t\t<div class=\"elementor-column elementor-col-25 elementor-inner-column elementor-element elementor-element-9a6aad4\" data-id=\"9a6aad4\" data-element_type=\"column\" data-e-type=\"column\">\n\t\t\t<div class=\"elementor-widget-wrap elementor-element-populated\">\n\t\t\t\t\t\t<div class=\"elementor-element elementor-element-82cad3e elementor-invisible elementor-widget elementor-widget-image\" data-id=\"82cad3e\" data-element_type=\"widget\" data-e-type=\"widget\" data-settings=\"{&quot;_animation&quot;:&quot;fadeInUp&quot;,&quot;_animation_delay&quot;:500}\" data-widget_type=\"image.default\">\n\t\t\t\t<div class=\"elementor-widget-container\">\n\t\t\t\t\t\t\t\t\t\t\t\t\t\t\t<img loading=\"lazy\" decoding=\"async\" width=\"460\" height=\"1024\" src=\"https:\/\/glasfirma.mx\/wp-content\/uploads\/2023\/05\/HOOK-460x1024.png\" class=\"attachment-large size-large wp-image-4636\" alt=\"\" srcset=\"https:\/\/glasfirma.mx\/wp-content\/uploads\/2023\/05\/HOOK-460x1024.png 460w, https:\/\/glasfirma.mx\/wp-content\/uploads\/2023\/05\/HOOK-135x300.png 135w, https:\/\/glasfirma.mx\/wp-content\/uploads\/2023\/05\/HOOK-5x12.png 5w, https:\/\/glasfirma.mx\/wp-content\/uploads\/2023\/05\/HOOK.png 613w\" sizes=\"(max-width: 460px) 100vw, 460px\" \/>\t\t\t\t\t\t\t\t\t\t\t\t\t\t\t<\/div>\n\t\t\t\t<\/div>\n\t\t\t\t<div class=\"elementor-element elementor-element-83bee3e imgzoom-der elementor-invisible elementor-widget elementor-widget-image\" data-id=\"83bee3e\" data-element_type=\"widget\" data-e-type=\"widget\" data-settings=\"{&quot;_animation&quot;:&quot;fadeIn&quot;,&quot;_animation_delay&quot;:250}\" data-widget_type=\"image.default\">\n\t\t\t\t<div class=\"elementor-widget-container\">\n\t\t\t\t\t\t\t\t\t\t\t\t\t\t\t<img loading=\"lazy\" decoding=\"async\" width=\"800\" height=\"800\" src=\"https:\/\/glasfirma.mx\/wp-content\/uploads\/2023\/05\/HOOK_2.png\" class=\"attachment-large size-large wp-image-4638\" alt=\"\" srcset=\"https:\/\/glasfirma.mx\/wp-content\/uploads\/2023\/05\/HOOK_2.png 1000w, https:\/\/glasfirma.mx\/wp-content\/uploads\/2023\/05\/HOOK_2-300x300.png 300w, https:\/\/glasfirma.mx\/wp-content\/uploads\/2023\/05\/HOOK_2-150x150.png 150w, https:\/\/glasfirma.mx\/wp-content\/uploads\/2023\/05\/HOOK_2-768x768.png 768w, https:\/\/glasfirma.mx\/wp-content\/uploads\/2023\/05\/HOOK_2-12x12.png 12w\" sizes=\"(max-width: 800px) 100vw, 800px\" \/>\t\t\t\t\t\t\t\t\t\t\t\t\t\t\t<\/div>\n\t\t\t\t<\/div>\n\t\t\t\t<div class=\"elementor-element elementor-element-a635e85 elementor-widget elementor-widget-heading\" data-id=\"a635e85\" data-element_type=\"widget\" data-e-type=\"widget\" id=\"octopus-headline\" data-widget_type=\"heading.default\">\n\t\t\t\t<div class=\"elementor-widget-container\">\n\t\t\t\t\t<h2 class=\"elementor-heading-title elementor-size-default\">Hook<\/h2>\t\t\t\t<\/div>\n\t\t\t\t<\/div>\n\t\t\t\t<div class=\"elementor-element elementor-element-fe6660f elementor-widget elementor-widget-text-editor\" data-id=\"fe6660f\" data-element_type=\"widget\" data-e-type=\"widget\" data-widget_type=\"text-editor.default\">\n\t\t\t\t<div class=\"elementor-widget-container\">\n\t\t\t\t\t\t\t\t\t<p>El Capit\u00e1n James Garfio es un personaje de ficci\u00f3n y el antagonista de Peter Pan. El personaje es un malvado capit\u00e1n pirata del gale\u00f3n Jolly Roger y se\u00f1or del pueblo\/puerto pirata de Nunca Jam\u00e1s. Garfio lleva un garfio de hierro en lugar de su mano, que fue cortada por Peter Pan y devorada por un cocodrilo.<\/p>\t\t\t\t\t\t\t\t<\/div>\n\t\t\t\t<\/div>\n\t\t\t\t\t<\/div>\n\t\t<\/div>\n\t\t\t\t<div class=\"elementor-column elementor-col-25 elementor-inner-column elementor-element elementor-element-b879ed5\" data-id=\"b879ed5\" data-element_type=\"column\" data-e-type=\"column\">\n\t\t\t<div class=\"elementor-widget-wrap elementor-element-populated\">\n\t\t\t\t\t\t<div class=\"elementor-element elementor-element-481bfc0 elementor-invisible elementor-widget elementor-widget-image\" data-id=\"481bfc0\" data-element_type=\"widget\" data-e-type=\"widget\" data-settings=\"{&quot;_animation&quot;:&quot;fadeInUp&quot;,&quot;_animation_delay&quot;:250}\" data-widget_type=\"image.default\">\n\t\t\t\t<div class=\"elementor-widget-container\">\n\t\t\t\t\t\t\t\t\t\t\t\t\t\t\t<img loading=\"lazy\" decoding=\"async\" width=\"461\" height=\"1024\" src=\"https:\/\/glasfirma.mx\/wp-content\/uploads\/2023\/05\/ANNE-BONNY-461x1024.png\" class=\"attachment-large size-large wp-image-4634\" alt=\"\" srcset=\"https:\/\/glasfirma.mx\/wp-content\/uploads\/2023\/05\/ANNE-BONNY-461x1024.png 461w, https:\/\/glasfirma.mx\/wp-content\/uploads\/2023\/05\/ANNE-BONNY-135x300.png 135w, https:\/\/glasfirma.mx\/wp-content\/uploads\/2023\/05\/ANNE-BONNY-5x12.png 5w, https:\/\/glasfirma.mx\/wp-content\/uploads\/2023\/05\/ANNE-BONNY.png 614w\" sizes=\"(max-width: 461px) 100vw, 461px\" \/>\t\t\t\t\t\t\t\t\t\t\t\t\t\t\t<\/div>\n\t\t\t\t<\/div>\n\t\t\t\t<div class=\"elementor-element elementor-element-7a0d5d9 imgzoom-der elementor-invisible elementor-widget elementor-widget-image\" data-id=\"7a0d5d9\" data-element_type=\"widget\" data-e-type=\"widget\" data-settings=\"{&quot;_animation&quot;:&quot;fadeIn&quot;,&quot;_animation_delay&quot;:250}\" data-widget_type=\"image.default\">\n\t\t\t\t<div class=\"elementor-widget-container\">\n\t\t\t\t\t\t\t\t\t\t\t\t\t\t\t<img loading=\"lazy\" decoding=\"async\" width=\"800\" height=\"800\" src=\"https:\/\/glasfirma.mx\/wp-content\/uploads\/2023\/05\/ANNE-BONNY_2.png\" class=\"attachment-large size-large wp-image-4635\" alt=\"\" srcset=\"https:\/\/glasfirma.mx\/wp-content\/uploads\/2023\/05\/ANNE-BONNY_2.png 1000w, https:\/\/glasfirma.mx\/wp-content\/uploads\/2023\/05\/ANNE-BONNY_2-300x300.png 300w, https:\/\/glasfirma.mx\/wp-content\/uploads\/2023\/05\/ANNE-BONNY_2-150x150.png 150w, https:\/\/glasfirma.mx\/wp-content\/uploads\/2023\/05\/ANNE-BONNY_2-768x768.png 768w, https:\/\/glasfirma.mx\/wp-content\/uploads\/2023\/05\/ANNE-BONNY_2-12x12.png 12w\" sizes=\"(max-width: 800px) 100vw, 800px\" \/>\t\t\t\t\t\t\t\t\t\t\t\t\t\t\t<\/div>\n\t\t\t\t<\/div>\n\t\t\t\t<div class=\"elementor-element elementor-element-a7b4661 elementor-widget elementor-widget-heading\" data-id=\"a7b4661\" data-element_type=\"widget\" data-e-type=\"widget\" id=\"bluetang-headline\" data-widget_type=\"heading.default\">\n\t\t\t\t<div class=\"elementor-widget-container\">\n\t\t\t\t\t<h2 class=\"elementor-heading-title elementor-size-default\">Anne Bonny<\/h2>\t\t\t\t<\/div>\n\t\t\t\t<\/div>\n\t\t\t\t<div class=\"elementor-element elementor-element-4dc7637 elementor-widget elementor-widget-text-editor\" data-id=\"4dc7637\" data-element_type=\"widget\" data-e-type=\"widget\" data-widget_type=\"text-editor.default\">\n\t\t\t\t<div class=\"elementor-widget-container\">\n\t\t\t\t\t\t\t\t\t<p>Ana fue una pirata irlandesa que naveg\u00f3 por el Caribe durante los primeros a\u00f1os del siglo XVIII; es una de las mujeres piratas m\u00e1s conocidas.<\/p>\t\t\t\t\t\t\t\t<\/div>\n\t\t\t\t<\/div>\n\t\t\t\t\t<\/div>\n\t\t<\/div>\n\t\t\t\t<div class=\"elementor-column elementor-col-25 elementor-inner-column elementor-element elementor-element-bb682cd\" data-id=\"bb682cd\" data-element_type=\"column\" data-e-type=\"column\">\n\t\t\t<div class=\"elementor-widget-wrap elementor-element-populated\">\n\t\t\t\t\t\t<div class=\"elementor-element elementor-element-8bfe424 elementor-invisible elementor-widget elementor-widget-image\" data-id=\"8bfe424\" data-element_type=\"widget\" data-e-type=\"widget\" data-settings=\"{&quot;_animation&quot;:&quot;fadeInUp&quot;}\" data-widget_type=\"image.default\">\n\t\t\t\t<div class=\"elementor-widget-container\">\n\t\t\t\t\t\t\t\t\t\t\t\t\t\t\t<img loading=\"lazy\" decoding=\"async\" width=\"460\" height=\"1024\" src=\"https:\/\/glasfirma.mx\/wp-content\/uploads\/2023\/05\/MORGAN-460x1024.png\" class=\"attachment-large size-large wp-image-4643\" alt=\"\" srcset=\"https:\/\/glasfirma.mx\/wp-content\/uploads\/2023\/05\/MORGAN-460x1024.png 460w, https:\/\/glasfirma.mx\/wp-content\/uploads\/2023\/05\/MORGAN-135x300.png 135w, https:\/\/glasfirma.mx\/wp-content\/uploads\/2023\/05\/MORGAN-5x12.png 5w, https:\/\/glasfirma.mx\/wp-content\/uploads\/2023\/05\/MORGAN.png 613w\" sizes=\"(max-width: 460px) 100vw, 460px\" \/>\t\t\t\t\t\t\t\t\t\t\t\t\t\t\t<\/div>\n\t\t\t\t<\/div>\n\t\t\t\t<div class=\"elementor-element elementor-element-814010b imgzoom-der elementor-invisible elementor-widget elementor-widget-image\" data-id=\"814010b\" data-element_type=\"widget\" data-e-type=\"widget\" data-settings=\"{&quot;_animation&quot;:&quot;fadeIn&quot;,&quot;_animation_delay&quot;:250}\" data-widget_type=\"image.default\">\n\t\t\t\t<div class=\"elementor-widget-container\">\n\t\t\t\t\t\t\t\t\t\t\t\t\t\t\t<img loading=\"lazy\" decoding=\"async\" width=\"800\" height=\"800\" src=\"https:\/\/glasfirma.mx\/wp-content\/uploads\/2023\/05\/MORGAN_2.png\" class=\"attachment-large size-large wp-image-4644\" alt=\"\" srcset=\"https:\/\/glasfirma.mx\/wp-content\/uploads\/2023\/05\/MORGAN_2.png 1000w, https:\/\/glasfirma.mx\/wp-content\/uploads\/2023\/05\/MORGAN_2-300x300.png 300w, https:\/\/glasfirma.mx\/wp-content\/uploads\/2023\/05\/MORGAN_2-150x150.png 150w, https:\/\/glasfirma.mx\/wp-content\/uploads\/2023\/05\/MORGAN_2-768x768.png 768w, https:\/\/glasfirma.mx\/wp-content\/uploads\/2023\/05\/MORGAN_2-12x12.png 12w\" sizes=\"(max-width: 800px) 100vw, 800px\" \/>\t\t\t\t\t\t\t\t\t\t\t\t\t\t\t<\/div>\n\t\t\t\t<\/div>\n\t\t\t\t<div class=\"elementor-element elementor-element-25a7d57 elementor-widget elementor-widget-heading\" data-id=\"25a7d57\" data-element_type=\"widget\" data-e-type=\"widget\" id=\"clown-headline\" data-widget_type=\"heading.default\">\n\t\t\t\t<div class=\"elementor-widget-container\">\n\t\t\t\t\t<h2 class=\"elementor-heading-title elementor-size-default\">Morgan<\/h2>\t\t\t\t<\/div>\n\t\t\t\t<\/div>\n\t\t\t\t<div class=\"elementor-element elementor-element-2ab478b elementor-widget elementor-widget-text-editor\" data-id=\"2ab478b\" data-element_type=\"widget\" data-e-type=\"widget\" data-widget_type=\"text-editor.default\">\n\t\t\t\t<div class=\"elementor-widget-container\">\n\t\t\t\t\t\t\t\t\t<p>Henry Morgan era su nombre, naci\u00f3 en 1635 y se convirti\u00f3 en pirata al servicio de su pa\u00eds, Inglaterra. Naveg\u00f3 por los mares del Caribe, con los a\u00f1os lleg\u00f3 incluso a ser Gobernador de la isla de Jamaica.<\/p>\t\t\t\t\t\t\t\t<\/div>\n\t\t\t\t<\/div>\n\t\t\t\t\t<\/div>\n\t\t<\/div>\n\t\t\t\t\t<\/div>\n\t\t<\/section>\n\t\t\t\t\t<\/div>\n\t\t<\/div>\n\t\t\t\t\t<\/div>\n\t\t<\/section>\n\t\t<div class=\"elementor-element elementor-element-468c0a6 e-flex e-con-boxed e-con e-parent\" data-id=\"468c0a6\" data-element_type=\"container\" data-e-type=\"container\">\n\t\t\t\t\t<div class=\"e-con-inner\">\n\t\t\t\t\t<\/div>\n\t\t\t\t<\/div>\n\t\t\t\t<\/div>","protected":false},"excerpt":{"rendered":"<p>Pirates Pirates, are criminals who attack ships at sea. The most famous pirates sailed the seas from the late 1500s to the early 1800s. A common symbol of pirates was the Jolly Roger\u2014a black flag with a white skull and crossbones. Many of the ideas that people have about pirates have come from books and [&hellip;]<\/p>\n","protected":false},"author":6,"featured_media":1255,"parent":0,"menu_order":0,"comment_status":"closed","ping_status":"closed","template":"","meta":{"footnotes":""},"class_list":["post-4648","page","type-page","status-publish","has-post-thumbnail","hentry"],"_links":{"self":[{"href":"https:\/\/glasfirma.mx\/es\/wp-json\/wp\/v2\/pages\/4648","targetHints":{"allow":["GET"]}}],"collection":[{"href":"https:\/\/glasfirma.mx\/es\/wp-json\/wp\/v2\/pages"}],"about":[{"href":"https:\/\/glasfirma.mx\/es\/wp-json\/wp\/v2\/types\/page"}],"author":[{"embeddable":true,"href":"https:\/\/glasfirma.mx\/es\/wp-json\/wp\/v2\/users\/6"}],"replies":[{"embeddable":true,"href":"https:\/\/glasfirma.mx\/es\/wp-json\/wp\/v2\/comments?post=4648"}],"version-history":[{"count":25,"href":"https:\/\/glasfirma.mx\/es\/wp-json\/wp\/v2\/pages\/4648\/revisions"}],"predecessor-version":[{"id":4933,"href":"https:\/\/glasfirma.mx\/es\/wp-json\/wp\/v2\/pages\/4648\/revisions\/4933"}],"wp:featuredmedia":[{"embeddable":true,"href":"https:\/\/glasfirma.mx\/es\/wp-json\/wp\/v2\/media\/1255"}],"wp:attachment":[{"href":"https:\/\/glasfirma.mx\/es\/wp-json\/wp\/v2\/media?parent=4648"}],"curies":[{"name":"wp","href":"https:\/\/api.w.org\/{rel}","templated":true}]}}