{"id":4687,"date":"2023-05-25T15:02:37","date_gmt":"2023-05-25T20:02:37","guid":{"rendered":"https:\/\/glasfirma.mx\/?page_id=4687"},"modified":"2023-06-16T11:48:55","modified_gmt":"2023-06-16T16:48:55","slug":"warriors","status":"publish","type":"page","link":"https:\/\/glasfirma.mx\/es\/warriors\/","title":{"rendered":"Warriors"},"content":{"rendered":"<div data-elementor-type=\"wp-page\" data-elementor-id=\"4687\" class=\"elementor elementor-4687\">\n\t\t\t\t\t\t<div class=\"elementor-section elementor-top-section elementor-element elementor-element-8f7598b elementor-section-full_width elementor-section-height-min-height elementor-section-height-default elementor-section-items-middle\" data-id=\"8f7598b\" data-element_type=\"section\" data-e-type=\"section\" id=\"elements-spirits-top\" data-settings=\"{&quot;background_background&quot;:&quot;classic&quot;}\">\n\t\t\t\t\t\t<div class=\"elementor-container elementor-column-gap-no\">\n\t\t\t\t\t<div class=\"elementor-column elementor-col-50 elementor-top-column elementor-element elementor-element-64a318b\" data-id=\"64a318b\" data-element_type=\"column\" data-e-type=\"column\">\n\t\t\t<div class=\"elementor-widget-wrap elementor-element-populated\">\n\t\t\t\t\t\t<div class=\"elementor-element elementor-element-44c5595 elementor-invisible elementor-widget elementor-widget-image\" data-id=\"44c5595\" data-element_type=\"widget\" data-e-type=\"widget\" data-settings=\"{&quot;_animation&quot;:&quot;fadeInDown&quot;}\" data-widget_type=\"image.default\">\n\t\t\t\t<div class=\"elementor-widget-container\">\n\t\t\t\t\t\t\t\t\t\t\t\t\t\t\t<img fetchpriority=\"high\" decoding=\"async\" width=\"800\" height=\"589\" src=\"https:\/\/glasfirma.mx\/wp-content\/uploads\/2023\/05\/THE-GUY_WARRIORS-1024x754.png\" class=\"attachment-large size-large wp-image-4695\" alt=\"\" srcset=\"https:\/\/glasfirma.mx\/wp-content\/uploads\/2023\/05\/THE-GUY_WARRIORS-1024x754.png 1024w, https:\/\/glasfirma.mx\/wp-content\/uploads\/2023\/05\/THE-GUY_WARRIORS-300x221.png 300w, https:\/\/glasfirma.mx\/wp-content\/uploads\/2023\/05\/THE-GUY_WARRIORS-768x566.png 768w, https:\/\/glasfirma.mx\/wp-content\/uploads\/2023\/05\/THE-GUY_WARRIORS-16x12.png 16w, https:\/\/glasfirma.mx\/wp-content\/uploads\/2023\/05\/THE-GUY_WARRIORS.png 1075w\" sizes=\"(max-width: 800px) 100vw, 800px\" \/>\t\t\t\t\t\t\t\t\t\t\t\t\t\t\t<\/div>\n\t\t\t\t<\/div>\n\t\t\t\t\t<\/div>\n\t\t<\/div>\n\t\t\t\t<div class=\"elementor-column elementor-col-50 elementor-top-column elementor-element elementor-element-c8229fd\" data-id=\"c8229fd\" data-element_type=\"column\" data-e-type=\"column\">\n\t\t\t<div class=\"elementor-widget-wrap elementor-element-populated\">\n\t\t\t\t\t\t<div class=\"elementor-element elementor-element-a663c25 elementor-invisible elementor-widget elementor-widget-heading\" data-id=\"a663c25\" data-element_type=\"widget\" data-e-type=\"widget\" data-settings=\"{&quot;_animation&quot;:&quot;fadeInUp&quot;}\" data-widget_type=\"heading.default\">\n\t\t\t\t<div class=\"elementor-widget-container\">\n\t\t\t\t\t<h2 class=\"elementor-heading-title elementor-size-default\">Warriors<\/h2>\t\t\t\t<\/div>\n\t\t\t\t<\/div>\n\t\t\t\t\t<\/div>\n\t\t<\/div>\n\t\t\t\t\t<\/div>\n\t\t<\/div>\n\t\t\t\t<div class=\"elementor-section elementor-top-section elementor-element elementor-element-74be259 elementor-section-boxed elementor-section-height-default elementor-section-height-default\" data-id=\"74be259\" data-element_type=\"section\" data-e-type=\"section\" data-settings=\"{&quot;background_background&quot;:&quot;classic&quot;}\">\n\t\t\t\t\t\t<div class=\"elementor-container elementor-column-gap-narrow\">\n\t\t\t\t\t<div class=\"elementor-column elementor-col-50 elementor-top-column elementor-element elementor-element-02693c8\" data-id=\"02693c8\" data-element_type=\"column\" data-e-type=\"column\">\n\t\t\t<div class=\"elementor-widget-wrap elementor-element-populated\">\n\t\t\t\t\t\t<div class=\"elementor-element elementor-element-297b22b elementor-widget__width-auto elementor-widget elementor-widget-html\" data-id=\"297b22b\" data-element_type=\"widget\" data-e-type=\"widget\" data-widget_type=\"html.default\">\n\t\t\t\t<div class=\"elementor-widget-container\">\n\t\t\t\t\t<a href=\"https:\/\/glasfirma.mx\/es\/wizards\/\" class=\"btn-flip prev-btn movil-btn\" data-back=\"\u276e The Wizards \" data-front=\"\u276e Prev Collection\"><\/a>\t\t\t\t<\/div>\n\t\t\t\t<\/div>\n\t\t\t\t\t<\/div>\n\t\t<\/div>\n\t\t\t\t<div class=\"elementor-column elementor-col-50 elementor-top-column elementor-element elementor-element-7d3168a\" data-id=\"7d3168a\" data-element_type=\"column\" data-e-type=\"column\">\n\t\t\t<div class=\"elementor-widget-wrap elementor-element-populated\">\n\t\t\t\t\t\t<div class=\"elementor-element elementor-element-0a0b24b elementor-widget__width-auto elementor-widget elementor-widget-html\" data-id=\"0a0b24b\" data-element_type=\"widget\" data-e-type=\"widget\" data-widget_type=\"html.default\">\n\t\t\t\t<div class=\"elementor-widget-container\">\n\t\t\t\t\t<a href=\"https:\/\/glasfirma.mx\/es\/animal-kingdom\/\" class=\"btn-flip next-btn  movil-btn\" data-back=\"Animal Kingdom \u276f\" data-front=\"Next Collection \u276f\"><\/a>\t\t\t\t<\/div>\n\t\t\t\t<\/div>\n\t\t\t\t\t<\/div>\n\t\t<\/div>\n\t\t\t\t\t<\/div>\n\t\t<\/div>\n\t\t\t\t<div class=\"elementor-section elementor-top-section elementor-element elementor-element-ba951e3 elementor-section-boxed elementor-section-height-default elementor-section-height-default\" data-id=\"ba951e3\" data-element_type=\"section\" data-e-type=\"section\" id=\"elements-spirits-historia\" data-settings=\"{&quot;background_background&quot;:&quot;classic&quot;}\">\n\t\t\t\t\t\t<div class=\"elementor-container elementor-column-gap-default\">\n\t\t\t\t\t<div class=\"elementor-column elementor-col-100 elementor-top-column elementor-element elementor-element-6577446\" data-id=\"6577446\" data-element_type=\"column\" data-e-type=\"column\">\n\t\t\t<div class=\"elementor-widget-wrap elementor-element-populated\">\n\t\t\t\t\t\t<div class=\"elementor-element elementor-element-e7e57dc elementor-invisible elementor-widget elementor-widget-image\" data-id=\"e7e57dc\" data-element_type=\"widget\" data-e-type=\"widget\" data-settings=\"{&quot;_animation&quot;:&quot;fadeIn&quot;}\" data-widget_type=\"image.default\">\n\t\t\t\t<div class=\"elementor-widget-container\">\n\t\t\t\t\t\t\t\t\t\t\t\t\t\t\t<img decoding=\"async\" width=\"800\" height=\"257\" src=\"https:\/\/glasfirma.mx\/wp-content\/uploads\/2023\/05\/MARCA-WARRIORS-1024x329.png\" class=\"attachment-large size-large wp-image-4690\" alt=\"\" srcset=\"https:\/\/glasfirma.mx\/wp-content\/uploads\/2023\/05\/MARCA-WARRIORS-1024x329.png 1024w, https:\/\/glasfirma.mx\/wp-content\/uploads\/2023\/05\/MARCA-WARRIORS-300x96.png 300w, https:\/\/glasfirma.mx\/wp-content\/uploads\/2023\/05\/MARCA-WARRIORS-768x247.png 768w, https:\/\/glasfirma.mx\/wp-content\/uploads\/2023\/05\/MARCA-WARRIORS-1536x493.png 1536w, https:\/\/glasfirma.mx\/wp-content\/uploads\/2023\/05\/MARCA-WARRIORS-18x6.png 18w, https:\/\/glasfirma.mx\/wp-content\/uploads\/2023\/05\/MARCA-WARRIORS.png 1890w\" sizes=\"(max-width: 800px) 100vw, 800px\" \/>\t\t\t\t\t\t\t\t\t\t\t\t\t\t\t<\/div>\n\t\t\t\t<\/div>\n\t\t\t\t<div class=\"elementor-element elementor-element-2123079 elementor-widget elementor-widget-text-editor\" data-id=\"2123079\" data-element_type=\"widget\" data-e-type=\"widget\" data-settings=\"{&quot;_animation_mobile&quot;:&quot;fadeInUp&quot;}\" data-widget_type=\"text-editor.default\">\n\t\t\t\t<div class=\"elementor-widget-container\">\n\t\t\t\t\t\t\t\t\t<p><span class=\"colored-fp-txt-colecciones\">Un guerrero <\/span><span class=\"gray-txt-colecciones\">es una persona especializada en el combate o la guerra, especialmente en el contexto de una sociedad tribal o de clan que reconoce una clase o casta guerrera separada. \u00a1Esta colecci\u00f3n de vacor ha superado guerras y ha demostrado al mundo que sus guerreros est\u00e1n aqu\u00ed para quedarse!<\/span><\/p>\t\t\t\t\t\t\t\t<\/div>\n\t\t\t\t<\/div>\n\t\t\t\t\t<\/div>\n\t\t<\/div>\n\t\t\t\t\t<\/div>\n\t\t<\/div>\n\t\t\t\t<section class=\"elementor-section elementor-top-section elementor-element elementor-element-43895d9 elementor-section-boxed elementor-section-height-default elementor-section-height-default\" data-id=\"43895d9\" data-element_type=\"section\" data-e-type=\"section\" id=\"elements-spirits-caballetes\">\n\t\t\t\t\t\t\t<div class=\"elementor-background-overlay\"><\/div>\n\t\t\t\t\t\t\t<div class=\"elementor-container elementor-column-gap-default\">\n\t\t\t\t\t<div class=\"elementor-column elementor-col-100 elementor-top-column elementor-element elementor-element-75e3d14\" data-id=\"75e3d14\" data-element_type=\"column\" data-e-type=\"column\">\n\t\t\t<div class=\"elementor-widget-wrap elementor-element-populated\">\n\t\t\t\t\t\t<section class=\"elementor-section elementor-inner-section elementor-element elementor-element-84aa52c elementor-section-boxed elementor-section-height-default elementor-section-height-default\" data-id=\"84aa52c\" data-element_type=\"section\" data-e-type=\"section\">\n\t\t\t\t\t\t<div class=\"elementor-container elementor-column-gap-default\">\n\t\t\t\t\t<div class=\"elementor-column elementor-col-25 elementor-inner-column elementor-element elementor-element-7df2344\" data-id=\"7df2344\" data-element_type=\"column\" data-e-type=\"column\">\n\t\t\t<div class=\"elementor-widget-wrap elementor-element-populated\">\n\t\t\t\t\t\t<div class=\"elementor-element elementor-element-60f6d6f elementor-invisible elementor-widget elementor-widget-image\" data-id=\"60f6d6f\" data-element_type=\"widget\" data-e-type=\"widget\" data-settings=\"{&quot;_animation&quot;:&quot;fadeInUp&quot;,&quot;_animation_delay&quot;:750}\" data-widget_type=\"image.default\">\n\t\t\t\t<div class=\"elementor-widget-container\">\n\t\t\t\t\t\t\t\t\t\t\t\t\t\t\t<img decoding=\"async\" width=\"460\" height=\"1024\" src=\"https:\/\/glasfirma.mx\/wp-content\/uploads\/2023\/05\/AMAZON-460x1024.png\" class=\"attachment-large size-large wp-image-4688\" alt=\"\" srcset=\"https:\/\/glasfirma.mx\/wp-content\/uploads\/2023\/05\/AMAZON-460x1024.png 460w, https:\/\/glasfirma.mx\/wp-content\/uploads\/2023\/05\/AMAZON-135x300.png 135w, https:\/\/glasfirma.mx\/wp-content\/uploads\/2023\/05\/AMAZON-5x12.png 5w, https:\/\/glasfirma.mx\/wp-content\/uploads\/2023\/05\/AMAZON.png 613w\" sizes=\"(max-width: 460px) 100vw, 460px\" \/>\t\t\t\t\t\t\t\t\t\t\t\t\t\t\t<\/div>\n\t\t\t\t<\/div>\n\t\t\t\t<div class=\"elementor-element elementor-element-6c01ea8 imgzoom-der elementor-invisible elementor-widget elementor-widget-image\" data-id=\"6c01ea8\" data-element_type=\"widget\" data-e-type=\"widget\" data-settings=\"{&quot;_animation&quot;:&quot;fadeIn&quot;,&quot;_animation_delay&quot;:250}\" data-widget_type=\"image.default\">\n\t\t\t\t<div class=\"elementor-widget-container\">\n\t\t\t\t\t\t\t\t\t\t\t\t\t\t\t<img loading=\"lazy\" decoding=\"async\" width=\"800\" height=\"800\" src=\"https:\/\/glasfirma.mx\/wp-content\/uploads\/2023\/05\/AMAZON_2.png\" class=\"attachment-large size-large wp-image-4689\" alt=\"\" srcset=\"https:\/\/glasfirma.mx\/wp-content\/uploads\/2023\/05\/AMAZON_2.png 1000w, https:\/\/glasfirma.mx\/wp-content\/uploads\/2023\/05\/AMAZON_2-300x300.png 300w, https:\/\/glasfirma.mx\/wp-content\/uploads\/2023\/05\/AMAZON_2-150x150.png 150w, https:\/\/glasfirma.mx\/wp-content\/uploads\/2023\/05\/AMAZON_2-768x768.png 768w, https:\/\/glasfirma.mx\/wp-content\/uploads\/2023\/05\/AMAZON_2-12x12.png 12w\" sizes=\"(max-width: 800px) 100vw, 800px\" \/>\t\t\t\t\t\t\t\t\t\t\t\t\t\t\t<\/div>\n\t\t\t\t<\/div>\n\t\t\t\t<div class=\"elementor-element elementor-element-4254220 thor-headline elementor-widget elementor-widget-heading\" data-id=\"4254220\" data-element_type=\"widget\" data-e-type=\"widget\" data-widget_type=\"heading.default\">\n\t\t\t\t<div class=\"elementor-widget-container\">\n\t\t\t\t\t<h2 class=\"elementor-heading-title elementor-size-default\">Amazon<\/h2>\t\t\t\t<\/div>\n\t\t\t\t<\/div>\n\t\t\t\t<div class=\"elementor-element elementor-element-ef5432f elementor-widget elementor-widget-text-editor\" data-id=\"ef5432f\" data-element_type=\"widget\" data-e-type=\"widget\" data-widget_type=\"text-editor.default\">\n\t\t\t\t<div class=\"elementor-widget-container\">\n\t\t\t\t\t\t\t\t\t<p class=\"p1\">Las Amazonas son personajes de la mitolog\u00eda cl\u00e1sica, habitantes de un antiguo pueblo formado y gobernado \u00edntegramente por mujeres. \u00a1Mujeres guerreras!<\/p>\t\t\t\t\t\t\t\t<\/div>\n\t\t\t\t<\/div>\n\t\t\t\t\t<\/div>\n\t\t<\/div>\n\t\t\t\t<div class=\"elementor-column elementor-col-25 elementor-inner-column elementor-element elementor-element-9a6aad4\" data-id=\"9a6aad4\" data-element_type=\"column\" data-e-type=\"column\">\n\t\t\t<div class=\"elementor-widget-wrap elementor-element-populated\">\n\t\t\t\t\t\t<div class=\"elementor-element elementor-element-82cad3e elementor-invisible elementor-widget elementor-widget-image\" data-id=\"82cad3e\" data-element_type=\"widget\" data-e-type=\"widget\" data-settings=\"{&quot;_animation&quot;:&quot;fadeInUp&quot;,&quot;_animation_delay&quot;:500}\" data-widget_type=\"image.default\">\n\t\t\t\t<div class=\"elementor-widget-container\">\n\t\t\t\t\t\t\t\t\t\t\t\t\t\t\t<img loading=\"lazy\" decoding=\"async\" width=\"460\" height=\"1024\" src=\"https:\/\/glasfirma.mx\/wp-content\/uploads\/2023\/05\/VIKING-460x1024.png\" class=\"attachment-large size-large wp-image-4696\" alt=\"\" srcset=\"https:\/\/glasfirma.mx\/wp-content\/uploads\/2023\/05\/VIKING-460x1024.png 460w, https:\/\/glasfirma.mx\/wp-content\/uploads\/2023\/05\/VIKING-135x300.png 135w, https:\/\/glasfirma.mx\/wp-content\/uploads\/2023\/05\/VIKING-5x12.png 5w, https:\/\/glasfirma.mx\/wp-content\/uploads\/2023\/05\/VIKING.png 613w\" sizes=\"(max-width: 460px) 100vw, 460px\" \/>\t\t\t\t\t\t\t\t\t\t\t\t\t\t\t<\/div>\n\t\t\t\t<\/div>\n\t\t\t\t<div class=\"elementor-element elementor-element-83bee3e imgzoom-der elementor-invisible elementor-widget elementor-widget-image\" data-id=\"83bee3e\" data-element_type=\"widget\" data-e-type=\"widget\" data-settings=\"{&quot;_animation&quot;:&quot;fadeIn&quot;,&quot;_animation_delay&quot;:250}\" data-widget_type=\"image.default\">\n\t\t\t\t<div class=\"elementor-widget-container\">\n\t\t\t\t\t\t\t\t\t\t\t\t\t\t\t<img loading=\"lazy\" decoding=\"async\" width=\"800\" height=\"800\" src=\"https:\/\/glasfirma.mx\/wp-content\/uploads\/2023\/05\/VIKING_2.png\" class=\"attachment-large size-large wp-image-4697\" alt=\"\" srcset=\"https:\/\/glasfirma.mx\/wp-content\/uploads\/2023\/05\/VIKING_2.png 1000w, https:\/\/glasfirma.mx\/wp-content\/uploads\/2023\/05\/VIKING_2-300x300.png 300w, https:\/\/glasfirma.mx\/wp-content\/uploads\/2023\/05\/VIKING_2-150x150.png 150w, https:\/\/glasfirma.mx\/wp-content\/uploads\/2023\/05\/VIKING_2-768x768.png 768w, https:\/\/glasfirma.mx\/wp-content\/uploads\/2023\/05\/VIKING_2-12x12.png 12w\" sizes=\"(max-width: 800px) 100vw, 800px\" \/>\t\t\t\t\t\t\t\t\t\t\t\t\t\t\t<\/div>\n\t\t\t\t<\/div>\n\t\t\t\t<div class=\"elementor-element elementor-element-a635e85 freya-headline elementor-widget elementor-widget-heading\" data-id=\"a635e85\" data-element_type=\"widget\" data-e-type=\"widget\" data-widget_type=\"heading.default\">\n\t\t\t\t<div class=\"elementor-widget-container\">\n\t\t\t\t\t<h2 class=\"elementor-heading-title elementor-size-default\">Viking<\/h2>\t\t\t\t<\/div>\n\t\t\t\t<\/div>\n\t\t\t\t<div class=\"elementor-element elementor-element-fe6660f elementor-widget elementor-widget-text-editor\" data-id=\"fe6660f\" data-element_type=\"widget\" data-e-type=\"widget\" data-widget_type=\"text-editor.default\">\n\t\t\t\t<div class=\"elementor-widget-container\">\n\t\t\t\t\t\t\t\t\t<p class=\"p1\">Los vikingos eran un pueblo guerrero n\u00f3rdico de la Edad Media, se hicieron famosos por ser grandes constructores de barcos y navegar por todo el mundo.<\/p>\t\t\t\t\t\t\t\t<\/div>\n\t\t\t\t<\/div>\n\t\t\t\t\t<\/div>\n\t\t<\/div>\n\t\t\t\t<div class=\"elementor-column elementor-col-25 elementor-inner-column elementor-element elementor-element-b879ed5\" data-id=\"b879ed5\" data-element_type=\"column\" data-e-type=\"column\">\n\t\t\t<div class=\"elementor-widget-wrap elementor-element-populated\">\n\t\t\t\t\t\t<div class=\"elementor-element elementor-element-481bfc0 elementor-invisible elementor-widget elementor-widget-image\" data-id=\"481bfc0\" data-element_type=\"widget\" data-e-type=\"widget\" data-settings=\"{&quot;_animation&quot;:&quot;fadeInUp&quot;,&quot;_animation_delay&quot;:250}\" data-widget_type=\"image.default\">\n\t\t\t\t<div class=\"elementor-widget-container\">\n\t\t\t\t\t\t\t\t\t\t\t\t\t\t\t<img loading=\"lazy\" decoding=\"async\" width=\"461\" height=\"1024\" src=\"https:\/\/glasfirma.mx\/wp-content\/uploads\/2023\/05\/SPARTAN-461x1024.png\" class=\"attachment-large size-large wp-image-4693\" alt=\"\" srcset=\"https:\/\/glasfirma.mx\/wp-content\/uploads\/2023\/05\/SPARTAN-461x1024.png 461w, https:\/\/glasfirma.mx\/wp-content\/uploads\/2023\/05\/SPARTAN-135x300.png 135w, https:\/\/glasfirma.mx\/wp-content\/uploads\/2023\/05\/SPARTAN-5x12.png 5w, https:\/\/glasfirma.mx\/wp-content\/uploads\/2023\/05\/SPARTAN.png 614w\" sizes=\"(max-width: 461px) 100vw, 461px\" \/>\t\t\t\t\t\t\t\t\t\t\t\t\t\t\t<\/div>\n\t\t\t\t<\/div>\n\t\t\t\t<div class=\"elementor-element elementor-element-7a0d5d9 imgzoom-der elementor-invisible elementor-widget elementor-widget-image\" data-id=\"7a0d5d9\" data-element_type=\"widget\" data-e-type=\"widget\" data-settings=\"{&quot;_animation&quot;:&quot;fadeIn&quot;,&quot;_animation_delay&quot;:250}\" data-widget_type=\"image.default\">\n\t\t\t\t<div class=\"elementor-widget-container\">\n\t\t\t\t\t\t\t\t\t\t\t\t\t\t\t<img loading=\"lazy\" decoding=\"async\" width=\"800\" height=\"800\" src=\"https:\/\/glasfirma.mx\/wp-content\/uploads\/2023\/05\/SPARTAN_2.png\" class=\"attachment-large size-large wp-image-4694\" alt=\"\" srcset=\"https:\/\/glasfirma.mx\/wp-content\/uploads\/2023\/05\/SPARTAN_2.png 1000w, https:\/\/glasfirma.mx\/wp-content\/uploads\/2023\/05\/SPARTAN_2-300x300.png 300w, https:\/\/glasfirma.mx\/wp-content\/uploads\/2023\/05\/SPARTAN_2-150x150.png 150w, https:\/\/glasfirma.mx\/wp-content\/uploads\/2023\/05\/SPARTAN_2-768x768.png 768w, https:\/\/glasfirma.mx\/wp-content\/uploads\/2023\/05\/SPARTAN_2-12x12.png 12w\" sizes=\"(max-width: 800px) 100vw, 800px\" \/>\t\t\t\t\t\t\t\t\t\t\t\t\t\t\t<\/div>\n\t\t\t\t<\/div>\n\t\t\t\t<div class=\"elementor-element elementor-element-a7b4661 loki-headline elementor-widget elementor-widget-heading\" data-id=\"a7b4661\" data-element_type=\"widget\" data-e-type=\"widget\" data-widget_type=\"heading.default\">\n\t\t\t\t<div class=\"elementor-widget-container\">\n\t\t\t\t\t<h2 class=\"elementor-heading-title elementor-size-default\">Spartan<\/h2>\t\t\t\t<\/div>\n\t\t\t\t<\/div>\n\t\t\t\t<div class=\"elementor-element elementor-element-4dc7637 elementor-widget elementor-widget-text-editor\" data-id=\"4dc7637\" data-element_type=\"widget\" data-e-type=\"widget\" data-widget_type=\"text-editor.default\">\n\t\t\t\t<div class=\"elementor-widget-container\">\n\t\t\t\t\t\t\t\t\t<p class=\"p1\">Los espartanos eran un pueblo guerrero de la \u00e9poca de la antigua Grecia, eran conocidos por su gran forma f\u00edsica, dureza, resistencia y valor.<\/p>\t\t\t\t\t\t\t\t<\/div>\n\t\t\t\t<\/div>\n\t\t\t\t\t<\/div>\n\t\t<\/div>\n\t\t\t\t<div class=\"elementor-column elementor-col-25 elementor-inner-column elementor-element elementor-element-bb682cd\" data-id=\"bb682cd\" data-element_type=\"column\" data-e-type=\"column\">\n\t\t\t<div class=\"elementor-widget-wrap elementor-element-populated\">\n\t\t\t\t\t\t<div class=\"elementor-element elementor-element-8bfe424 elementor-invisible elementor-widget elementor-widget-image\" data-id=\"8bfe424\" data-element_type=\"widget\" data-e-type=\"widget\" data-settings=\"{&quot;_animation&quot;:&quot;fadeInUp&quot;}\" data-widget_type=\"image.default\">\n\t\t\t\t<div class=\"elementor-widget-container\">\n\t\t\t\t\t\t\t\t\t\t\t\t\t\t\t<img loading=\"lazy\" decoding=\"async\" width=\"460\" height=\"1024\" src=\"https:\/\/glasfirma.mx\/wp-content\/uploads\/2023\/05\/SAMURAI-460x1024.png\" class=\"attachment-large size-large wp-image-4691\" alt=\"\" srcset=\"https:\/\/glasfirma.mx\/wp-content\/uploads\/2023\/05\/SAMURAI-460x1024.png 460w, https:\/\/glasfirma.mx\/wp-content\/uploads\/2023\/05\/SAMURAI-135x300.png 135w, https:\/\/glasfirma.mx\/wp-content\/uploads\/2023\/05\/SAMURAI-5x12.png 5w, https:\/\/glasfirma.mx\/wp-content\/uploads\/2023\/05\/SAMURAI.png 613w\" sizes=\"(max-width: 460px) 100vw, 460px\" \/>\t\t\t\t\t\t\t\t\t\t\t\t\t\t\t<\/div>\n\t\t\t\t<\/div>\n\t\t\t\t<div class=\"elementor-element elementor-element-814010b imgzoom-der elementor-invisible elementor-widget elementor-widget-image\" data-id=\"814010b\" data-element_type=\"widget\" data-e-type=\"widget\" data-settings=\"{&quot;_animation&quot;:&quot;fadeIn&quot;,&quot;_animation_delay&quot;:250}\" data-widget_type=\"image.default\">\n\t\t\t\t<div class=\"elementor-widget-container\">\n\t\t\t\t\t\t\t\t\t\t\t\t\t\t\t<img loading=\"lazy\" decoding=\"async\" width=\"800\" height=\"800\" src=\"https:\/\/glasfirma.mx\/wp-content\/uploads\/2023\/05\/SAMURAI_2.png\" class=\"attachment-large size-large wp-image-4692\" alt=\"\" srcset=\"https:\/\/glasfirma.mx\/wp-content\/uploads\/2023\/05\/SAMURAI_2.png 1000w, https:\/\/glasfirma.mx\/wp-content\/uploads\/2023\/05\/SAMURAI_2-300x300.png 300w, https:\/\/glasfirma.mx\/wp-content\/uploads\/2023\/05\/SAMURAI_2-150x150.png 150w, https:\/\/glasfirma.mx\/wp-content\/uploads\/2023\/05\/SAMURAI_2-768x768.png 768w, https:\/\/glasfirma.mx\/wp-content\/uploads\/2023\/05\/SAMURAI_2-12x12.png 12w\" sizes=\"(max-width: 800px) 100vw, 800px\" \/>\t\t\t\t\t\t\t\t\t\t\t\t\t\t\t<\/div>\n\t\t\t\t<\/div>\n\t\t\t\t<div class=\"elementor-element elementor-element-25a7d57 vila-headline elementor-widget elementor-widget-heading\" data-id=\"25a7d57\" data-element_type=\"widget\" data-e-type=\"widget\" data-widget_type=\"heading.default\">\n\t\t\t\t<div class=\"elementor-widget-container\">\n\t\t\t\t\t<h2 class=\"elementor-heading-title elementor-size-default\">Samurai<\/h2>\t\t\t\t<\/div>\n\t\t\t\t<\/div>\n\t\t\t\t<div class=\"elementor-element elementor-element-2ab478b elementor-widget elementor-widget-text-editor\" data-id=\"2ab478b\" data-element_type=\"widget\" data-e-type=\"widget\" data-widget_type=\"text-editor.default\">\n\t\t\t\t<div class=\"elementor-widget-container\">\n\t\t\t\t\t\t\t\t\t<p class=\"p1\">Los samur\u00e1is eran antiguos guerreros japoneses. La palabra samur\u00e1i significa \"siervo\", en sus inicios serv\u00edan a sus amos. Sin embargo, con el tiempo se convirtieron en los gobernantes.<\/p>\t\t\t\t\t\t\t\t<\/div>\n\t\t\t\t<\/div>\n\t\t\t\t\t<\/div>\n\t\t<\/div>\n\t\t\t\t\t<\/div>\n\t\t<\/section>\n\t\t\t\t\t<\/div>\n\t\t<\/div>\n\t\t\t\t\t<\/div>\n\t\t<\/section>\n\t\t<div class=\"elementor-element elementor-element-3d2d73ae e-flex e-con-boxed e-con e-parent\" data-id=\"3d2d73ae\" data-element_type=\"container\" data-e-type=\"container\">\n\t\t\t\t\t<div class=\"e-con-inner\">\n\t\t\t\t\t<\/div>\n\t\t\t\t<\/div>\n\t\t\t\t<\/div>","protected":false},"excerpt":{"rendered":"<p>Warriors A warrior is a person specialized in combat or warfare, especially in the context of a tribal or clan-based society that recognizes a separate warrior class or caste. This collection of vacor has overcome wars and shown the world that its warriors are here to stay! Amazon The Amazons are characters from classical mythology, [&hellip;]<\/p>\n","protected":false},"author":6,"featured_media":1255,"parent":0,"menu_order":0,"comment_status":"closed","ping_status":"closed","template":"","meta":{"footnotes":""},"class_list":["post-4687","page","type-page","status-publish","has-post-thumbnail","hentry"],"_links":{"self":[{"href":"https:\/\/glasfirma.mx\/es\/wp-json\/wp\/v2\/pages\/4687","targetHints":{"allow":["GET"]}}],"collection":[{"href":"https:\/\/glasfirma.mx\/es\/wp-json\/wp\/v2\/pages"}],"about":[{"href":"https:\/\/glasfirma.mx\/es\/wp-json\/wp\/v2\/types\/page"}],"author":[{"embeddable":true,"href":"https:\/\/glasfirma.mx\/es\/wp-json\/wp\/v2\/users\/6"}],"replies":[{"embeddable":true,"href":"https:\/\/glasfirma.mx\/es\/wp-json\/wp\/v2\/comments?post=4687"}],"version-history":[{"count":22,"href":"https:\/\/glasfirma.mx\/es\/wp-json\/wp\/v2\/pages\/4687\/revisions"}],"predecessor-version":[{"id":4936,"href":"https:\/\/glasfirma.mx\/es\/wp-json\/wp\/v2\/pages\/4687\/revisions\/4936"}],"wp:featuredmedia":[{"embeddable":true,"href":"https:\/\/glasfirma.mx\/es\/wp-json\/wp\/v2\/media\/1255"}],"wp:attachment":[{"href":"https:\/\/glasfirma.mx\/es\/wp-json\/wp\/v2\/media?parent=4687"}],"curies":[{"name":"wp","href":"https:\/\/api.w.org\/{rel}","templated":true}]}}